{"id":2139,"date":"2021-07-29T14:45:00","date_gmt":"2021-07-29T13:45:00","guid":{"rendered":"https:\/\/rmsautomotive.eu\/datenschutz-bestimmungen\/"},"modified":"2021-09-13T10:54:18","modified_gmt":"2021-09-13T09:54:18","slug":"datenschutz-bestimmungen","status":"publish","type":"page","link":"https:\/\/rmsautomotive.eu\/de\/datenschutz-bestimmungen\/","title":{"rendered":"Privacy Policy"},"content":{"rendered":"\t\t<div data-elementor-type=\"wp-page\" data-elementor-id=\"2139\" class=\"elementor elementor-2139 elementor-626\" data-elementor-post-type=\"page\">\n\t\t\t\t\t\t<section class=\"elementor-section elementor-top-section elementor-element elementor-element-75560b6a elementor-section-content-middle elementor-section-boxed elementor-section-height-default elementor-section-height-default\" data-id=\"75560b6a\" data-element_type=\"section\">\n\t\t\t\t\t\t<div class=\"elementor-container elementor-column-gap-no\">\n\t\t\t\t\t<div class=\"elementor-column elementor-col-100 elementor-top-column elementor-element elementor-element-5ee56c6a\" data-id=\"5ee56c6a\" data-element_type=\"column\">\n\t\t\t<div class=\"elementor-widget-wrap elementor-element-populated\">\n\t\t\t\t\t\t<div class=\"elementor-element elementor-element-35c331b elementor-widget elementor-widget-heading\" data-id=\"35c331b\" data-element_type=\"widget\" data-widget_type=\"heading.default\">\n\t\t\t\t<div class=\"elementor-widget-container\">\n\t\t\t\t\t<h1 class=\"elementor-heading-title elementor-size-default\">Datenschutzrichtlinie<\/h1>\t\t\t\t<\/div>\n\t\t\t\t<\/div>\n\t\t\t\t<div class=\"elementor-element elementor-element-87f96cc elementor-widget elementor-widget-text-editor\" data-id=\"87f96cc\" data-element_type=\"widget\" data-widget_type=\"text-editor.default\">\n\t\t\t\t<div class=\"elementor-widget-container\">\n\t\t\t\t\t\t\t\t\t<div class=\"page-top-header\"><div class=\"container\"><p>Wir von RMS Automotive \u2013 als Teil der Unternehmensgruppe Cox Automotive mit eingetragenem Sitz Central House, Leeds Road, Rothwell, Leeds, LS26 0JE, England \u2013 nehmen den Schutz Ihrer pers\u00f6nlichen Daten sehr ernst und ergreifen alle angemessenen Ma\u00dfnahmen, um die geltenden Datenschutzgesetze zu erf\u00fcllen. Wir m\u00f6chten Ihnen hier einen \u00dcberblick \u00fcber die Daten geben, die auf dieser Website erfasst werden. Zu diesen Daten k\u00f6nnen auch Ihre personenbezogenen Daten geh\u00f6ren. Bitte lesen Sie sich diese Richtlinie sorgf\u00e4ltig durch. Durch Ihren Besuch auf unserer Website erkennen Sie die in dieser Datenschutzrichtlinie beschriebenen Verfahren an und erkl\u00e4ren sich damit einverstanden. Im Sinne der geltenden Datenschutzgesetze ist RMS der Verantwortliche f\u00fcr alle personenbezogenen Daten, die auf dieser Website \u00fcber Sie erhoben werden.<\/p><h2>Automatisch auf dieser Website erfasste Daten<\/h2><p>Wir erfassen Daten, die wir von Ihrem Browser erhalten, und speichern diese automatisch in unseren Serverprotokolldateien. Dazu geh\u00f6ren:<\/p><p>Browsertyp und -version; das verwendete Betriebssystem; Einstellungen der Aufl\u00f6sung und Farbtiefe; Referrer-URL (die zuvor besuchte Webseite, ggf.); Hostname\/IP-Adresse des zugreifenden Computers; Datum und Uhrzeit der Serveranfrage<\/p><h2>Von Ihnen zur Verf\u00fcgung gestellte Daten<\/h2><p>Durch Ihre Nutzung unserer Website k\u00f6nnen Sie uns freiwillig personenbezogene Daten zur Verf\u00fcgung stellen, wenn Sie:<\/p><p>Formulare auf unserer Website ausf\u00fcllen (z. B. unser Formular \u201eMelden Sie sich an und erhalten Sie Updates direkt in Ihrem Posteingang\u201c) oder sich per Telefon, E-Mail oder auf anderem Wege mithilfe der Kontaktm\u00f6glichkeiten auf unserer Website an uns wenden.<\/p><p>Zu den personenbezogenen Daten, die Sie uns \u00fcbermitteln, geh\u00f6ren normalerweise Name, Anschrift, E-Mail-Adresse, Telefonnummer und weitere pers\u00f6nliche Angaben, die zur Bearbeitung Ihrer Anfrage oder Beschwerde erforderlich sind.<\/p><h2>Nutzung personenbezogener Daten<\/h2><p>Nun wollen wir Ihnen einen \u00dcberblick dar\u00fcber geben, zu welchen Zwecken wir Ihre personenbezogenen Daten nutzen. Bitte denken Sie daran, dass wir Ihnen gelegentlich zus\u00e4tzliche Informationen in einer separaten Nachricht zukommen lassen k\u00f6nnen. Jede Verarbeitung (d. h. Nutzung) Ihrer personenbezogenen Daten ist durch eine \u201erechtm\u00e4\u00dfige Grundlage\u201c f\u00fcr eine solche Verarbeitung gerechtfertigt. In den meisten F\u00e4llen ist die Verarbeitung auf der Grundlage gerechtfertigt, dass:<\/p><p>Sie in die Verarbeitung eingewilligt haben (z. B. durch Ihre Anmeldung zu den E-Mail-Updates); die Verarbeitung f\u00fcr uns erforderlich ist, um eine rechtliche Verpflichtung zu erf\u00fcllen; oder wir ein berechtigtes gesch\u00e4ftliches Interesse an einer Verarbeitung haben, vorbehaltlich Ihrer Interessen und Grundrechte (z. B. unsere nachfolgend beschriebene Nutzung von Analysetechniken).<\/p><p>Wir nutzen die erfassten personenbezogenen Daten, um:<\/p><p>allgemeine Verbesserungen an unserer Website und unseren Dienstleistungen vorzunehmen; unsere Website an den Bedarf der Nutzer anzupassen; mit Nutzern zu kommunizieren, um ihre Anfragen oder Beschwerden zu bearbeiten; eine Dienstleistung zu erbringen, die Sie angefordert haben; Ihnen Marketingmitteilungen (z. B. unsere E-Mail-Updates) zu senden, wenn wir dazu berechtigt sind.<\/p><h2>Offenlegung personenbezogener Daten<\/h2><p>RMS geh\u00f6rt zur internationalen Unternehmensgruppe Cox Automotive und gelegentlich wird ein Austausch Ihrer Daten zwischen unseren ausl\u00e4ndischen Niederlassungen und unseren verbundenen Unternehmen notwendig sein. Wir k\u00f6nnen auch externe Dienstleister (die nach unseren Anweisungen handeln) damit beauftragen, uns bei der Bereitstellung von Informationen oder der Erbringung von Dienstleistungen f\u00fcr Sie bzw. bei der Verwaltung und Verbesserung der Website zu unterst\u00fctzen, und diese Dritten m\u00fcssen m\u00f6glicherweise auf Ihre personenbezogenen Daten zugreifen.<\/p><p>F\u00fcr die interne \u00dcbertragung und den Einsatz von Dienstleistern gilt:<\/p><p>Wenn personenbezogene Daten au\u00dferhalb des EWR \u00fcbertragen werden, sorgen wir daf\u00fcr, dass diese Daten ebenso gesch\u00fctzt sind, wie wenn sie im EWR verblieben w\u00e4ren. Dazu geh\u00f6rt etwa, dass wir Daten\u00fcbertragungsvereinbarungen abschlie\u00dfen, die von der EU-Kommission genehmigten Standardvertragsklauseln verwenden oder Zertifizierungssysteme wie den EU-US Privacy Shield nutzen. Sie haben das Recht auf genauere Informationen \u00fcber den Mechanismus, mit dem Ihre Daten au\u00dferhalb des EWR \u00fcbertragen werden. Wir sind zur Weitergabe Ihrer personenbezogenen Daten an Dritte berechtigt, wenn wir oder im Wesentlichen alle unsere Verm\u00f6genswerte oder die eines verbundenen Unternehmens von einem Dritten erworben werden. In diesem Fall k\u00f6nnen personenbezogene Daten unserer Nutzer, die sich in unserem Besitz befinden, zu den \u00fcbertragenen Verm\u00f6genswerten z\u00e4hlen. Zudem werden wir auf entsprechenden Antrag Auskunft erteilen, wenn wir gesetzlich dazu verpflichtet oder der Ansicht sind, dass eine solche Offenlegung notwendig ist, um unsere Rechte zu sch\u00fctzen und\/oder einem gerichtlichen Verfahren, einem Gerichtsbeschluss, der Anforderung einer Regulierungsbeh\u00f6rde oder einem anderen rechtlichen Prozess zu gen\u00fcgen. Cookies und verwandte Techniken<\/p><p>Ein Cookie ist eine kleine Datei, die auf der Festplatte Ihres Ger\u00e4ts oder einem Websiteserver abgelegt werden kann. Wir verwenden Cookies zur Erfassung einiger der oben beschriebenen automatisch erfassten Daten. Die meisten Browser erfassen automatisch Cookies, Sie m\u00fcssen Cookies aber nicht akzeptieren und k\u00f6nnen Ihren Browser auch so einstellen, dass er Cookies nicht annimmt. Weitere Informationen \u00fcber Cookies und dar\u00fcber, wie Sie die Ablehnung von Cookies in Ihrem Browser einstellen, finden Sie auf www.allaboutcookies.org.<\/p><p>Wir nutzen Cookies und verwandte Techniken konkret wie folgt:<\/p><ul><li>Name<\/li><li>Funktion<\/li><li>Weitere Informationen<\/li><li>Google Analytics<\/li><\/ul><p>Damit k\u00f6nnen unsere Kunden Ihre Interaktion mit den Inhalten auf ihren Websites messen, beispielsweise, auf welche Seiten Sie klicken oder was Sie sich auf einer Seite ansehen. Nachfolgend finden Sie weitere Informationen zu Google Analytics.<\/p><p>Informationen zu Cookies von Google Analytics<\/p><h2>Weitere Informationen zu Google Analytics<\/h2><p>Diese Website nutzt Google Analytics, einen Webanalysedienst von Google Inc. (\u201eGoogle\u201c). Google Analytics verwendet Cookies, die Daten erfassen (darunter auch Ihre IP-Adresse), die an einen Google-Server in den USA gesendet und dort gespeichert werden. Google nutzt diese Daten zur Auswertung Ihrer Websitenutzung, um f\u00fcr uns Websiteberichte der Aktivit\u00e4ten zusammenzustellen. Google kann diese Daten auch an Dritte weitergeben, wenn dies gesetzlich erforderlich ist oder wenn diese Dritten die Daten nach Anweisung von Google verarbeiten sollen. Unter keinen Umst\u00e4nden wird Google Ihre IP-Adresse mit anderen Daten von Google in Verbindung bringen. Die Allgemeinen Gesch\u00e4ftsbedingungen von Google finden Sie unter:\u00a0http:\/\/www.google.com\/analytics\/de-DE\/tox.html Bitte ber\u00fccksichtigen Sie die Datenschutzrichtlinie von Google:\u00a0https:\/\/www.google.com\/intl\/de\/privacypolicy.html#information Sie k\u00f6nnen der Erfassung und Speicherung von Daten jederzeit widersprechen: http:\/\/tools.google.com\/dlpage\/gaoptout?hl=de Security<\/p><p>Wir nutzen Datenspeicherungs- und Sicherheitstechniken, um Ihre pers\u00f6nlichen Daten vor unbefugtem Zugriff, unzul\u00e4ssiger Nutzung oder Offenlegung, unbefugter \u00c4nderung oder unrechtm\u00e4\u00dfiger Zerst\u00f6rung bzw. unbeabsichtigtem Verlust zu sch\u00fctzen. Es ist aber zu beachten, dass keine Website zu 100 % sicher sein kann und wir f\u00fcr einen unbefugten oder unbeabsichtigten Zugriff, der sich unserer Kontrolle entzieht, nicht haftbar gemacht werden k\u00f6nnen. Speicherung Ihrer Daten<\/p><p>Wir speichern personenbezogene Daten grunds\u00e4tzlich nur so lange, bis der Zweck erf\u00fcllt ist, f\u00fcr den sie erfasst wurden. Gegebenenfalls k\u00f6nnen wir personenbezogene Daten aber auch l\u00e4nger speichern, beispielsweise dann, wenn dies aus rechtlichen, steuerlichen oder buchhalterischen Gr\u00fcnden erforderlich ist. Unter bestimmten Umst\u00e4nden k\u00f6nnen wir Ihre personenbezogenen Daten auch f\u00fcr einen l\u00e4ngeren Zeitraum speichern, damit wir f\u00fcr eventuelle Beschwerden oder Forderungen pr\u00e4zise Aufzeichnungen \u00fcber unsere Gesch\u00e4ftsbeziehungen besitzen. Externe Links<\/p><p>Diese Website kann Links zu den Websites Dritter enthalten. Da RMS keinen Einfluss auf die Datenschutzverfahren solcher Websites hat und auch nicht f\u00fcr sie haftbar ist, bitten wir Sie, selbst die Datenschutzrichtlinien dieser externen Websites einzusehen. Diese Richtlinie gilt ausschlie\u00dflich f\u00fcr personenbezogene Daten, die von unseren Websites erfasst werden. Ihre Rechte<\/p><p>Nach Ma\u00dfgabe der geltenden Gesetze k\u00f6nnen Ihnen einzelne oder alle der folgenden Rechte in Bezug auf Ihre personenbezogenen Daten zustehen:<\/p><p>eine Kopie Ihrer personenbezogenen Daten zusammen mit Angaben dar\u00fcber zu erhalten, wie und auf welcher Grundlage diese personenbezogenen Daten verarbeitet werden; falsche personenbezogene Daten zu berichtigen (dazu geh\u00f6rt auch das Recht auf Vervollst\u00e4ndigung unvollst\u00e4ndiger personenbezogener Daten); Ihre personenbezogenen Daten zu l\u00f6schen (unter bestimmten Umst\u00e4nden, wenn diese Daten in Bezug auf die Zwecke, f\u00fcr die sie erfasst oder verarbeitet wurden, nicht mehr ben\u00f6tigt werden); die Verarbeitung Ihrer personenbezogenen Daten einzuschr\u00e4nken, wenn: die Richtigkeit der personenbezogenen Daten bestritten wird; die Verarbeitung unrechtm\u00e4\u00dfig ist, aber Sie der L\u00f6schung der personenbezogenen Daten widersprechen; wir die personenbezogenen Daten nicht l\u00e4nger ben\u00f6tigen, diese aber weiterhin erforderlich sind, um einen Rechtsanspruch geltend zu machen, auszu\u00fcben oder zu verteidigen;<\/p><p>die Verarbeitung anzufechten, die wir auf der Grundlage eines berechtigten Interesses gerechtfertigt haben (im Gegensatz zu Ihrer Einwilligung oder zur Erf\u00fcllung eines Vertrags mit Ihnen); uns daran zu hindern, Ihnen Direktmarketing-Material zu senden; Ihre Einwilligung zur Verarbeitung Ihrer personenbezogenen Daten durch uns zu widerrufen (soweit eine solche Verarbeitung auf Ihrer Einwilligung beruht); und eine Kopie der geeigneten Garantien zu erhalten oder einzusehen, die f\u00fcr die \u00dcbertragung Ihrer personenbezogenen Daten an ein Drittland zum Einsatz kommen.<\/p><p>Dar\u00fcber hinaus haben Sie auch das Recht, bei Ihrer \u00f6rtlich zust\u00e4ndigen Datenschutzbeh\u00f6rde Beschwerde einzulegen. In Bezug auf all diese Rechte wenden Sie sich bitte an uns unter Nutzung der unten angegebenen Kontaktm\u00f6glichkeiten. Bitte beachten Sie, dass wir einen Identit\u00e4tsnachweis verlangen k\u00f6nnen und uns das Recht vorbehalten, eine Geb\u00fchr zu berechnen, soweit dies gesetzlich zul\u00e4ssig ist, beispielsweise wenn Ihre Forderung offenkundig unbegr\u00fcndet oder \u00fcberzogen ist. Wir sind bem\u00fcht, Ihre Anfragen innerhalb der jeweils geltenden Zeitvorgaben zu beantworten. Weitere Informationen<\/p><p>Ihr Vertrauen ist uns sehr wichtig. Wenn Sie Fragen zu unserer Nutzung Ihrer personenbezogenen Daten haben, wenden Sie sich bitte an dan.robinson@coxautoinc.com<\/p><\/div><\/div><section class=\"\"><div class=\"container\"><div>\u00a0<\/div><\/div><\/section>\t\t\t\t\t\t\t\t<\/div>\n\t\t\t\t<\/div>\n\t\t\t\t\t<\/div>\n\t\t<\/div>\n\t\t\t\t\t<\/div>\n\t\t<\/section>\n\t\t\t\t<\/div>\n\t\t","protected":false},"excerpt":{"rendered":"<p>Datenschutzrichtlinie Wir von RMS Automotive \u2013 als Teil der Unternehmensgruppe Cox Automotive mit eingetragenem Sitz Central House, Leeds Road, Rothwell, Leeds, LS26 0JE, England \u2013 nehmen den Schutz Ihrer pers\u00f6nlichen Daten sehr ernst und ergreifen alle angemessenen Ma\u00dfnahmen, um die geltenden Datenschutzgesetze zu erf\u00fcllen. Wir m\u00f6chten Ihnen hier einen \u00dcberblick \u00fcber die Daten geben, die [&hellip;]<\/p>\n","protected":false},"author":1,"featured_media":0,"parent":0,"menu_order":0,"comment_status":"closed","ping_status":"closed","template":"elementor_header_footer","meta":{"footnotes":""},"class_list":["post-2139","page","type-page","status-publish","hentry"],"yoast_head":"<!-- This site is optimized with the Yoast SEO plugin v27.3 - https:\/\/yoast.com\/product\/yoast-seo-wordpress\/ -->\n<title>Used car remarketing and vehicle inventory management software | RMS Automotive RMS Privacy Policy - RMSAuto.eu<\/title>\n<meta name=\"robots\" content=\"index, follow, max-snippet:-1, max-image-preview:large, max-video-preview:-1\" \/>\n<link rel=\"canonical\" href=\"https:\/\/rmsautomotive.eu\/de\/datenschutz-bestimmungen\/\" \/>\n<meta property=\"og:locale\" content=\"de_DE\" \/>\n<meta property=\"og:type\" content=\"article\" \/>\n<meta property=\"og:title\" content=\"Used car remarketing and vehicle inventory management software | RMS Automotive RMS Privacy Policy - RMSAuto.eu\" \/>\n<meta property=\"og:description\" content=\"Datenschutzrichtlinie Wir von RMS Automotive \u2013 als Teil der Unternehmensgruppe Cox Automotive mit eingetragenem Sitz Central House, Leeds Road, Rothwell, Leeds, LS26 0JE, England \u2013 nehmen den Schutz Ihrer pers\u00f6nlichen Daten sehr ernst und ergreifen alle angemessenen Ma\u00dfnahmen, um die geltenden Datenschutzgesetze zu erf\u00fcllen. Wir m\u00f6chten Ihnen hier einen \u00dcberblick \u00fcber die Daten geben, die [&hellip;]\" \/>\n<meta property=\"og:url\" content=\"https:\/\/rmsautomotive.eu\/de\/datenschutz-bestimmungen\/\" \/>\n<meta property=\"og:site_name\" content=\"RMS Automotive\" \/>\n<meta property=\"article:modified_time\" content=\"2021-09-13T09:54:18+00:00\" \/>\n<meta name=\"twitter:card\" content=\"summary_large_image\" \/>\n<meta name=\"twitter:label1\" content=\"Gesch\u00e4tzte Lesezeit\" \/>\n\t<meta name=\"twitter:data1\" content=\"7\u00a0Minuten\" \/>\n<script type=\"application\/ld+json\" class=\"yoast-schema-graph\">{\"@context\":\"https:\\\/\\\/schema.org\",\"@graph\":[{\"@type\":\"WebPage\",\"@id\":\"https:\\\/\\\/rmsautomotive.eu\\\/de\\\/datenschutz-bestimmungen\\\/\",\"url\":\"https:\\\/\\\/rmsautomotive.eu\\\/de\\\/datenschutz-bestimmungen\\\/\",\"name\":\"Used car remarketing and vehicle inventory management software | RMS Automotive RMS Privacy Policy - RMSAuto.eu\",\"isPartOf\":{\"@id\":\"https:\\\/\\\/rmsautomotive.eu\\\/de\\\/#website\"},\"datePublished\":\"2021-07-29T13:45:00+00:00\",\"dateModified\":\"2021-09-13T09:54:18+00:00\",\"breadcrumb\":{\"@id\":\"https:\\\/\\\/rmsautomotive.eu\\\/de\\\/datenschutz-bestimmungen\\\/#breadcrumb\"},\"inLanguage\":\"de\",\"potentialAction\":[{\"@type\":\"ReadAction\",\"target\":[\"https:\\\/\\\/rmsautomotive.eu\\\/de\\\/datenschutz-bestimmungen\\\/\"]}]},{\"@type\":\"BreadcrumbList\",\"@id\":\"https:\\\/\\\/rmsautomotive.eu\\\/de\\\/datenschutz-bestimmungen\\\/#breadcrumb\",\"itemListElement\":[{\"@type\":\"ListItem\",\"position\":1,\"name\":\"Home\",\"item\":\"https:\\\/\\\/rmsautomotive.eu\\\/de\\\/\"},{\"@type\":\"ListItem\",\"position\":2,\"name\":\"Privacy Policy\"}]},{\"@type\":\"WebSite\",\"@id\":\"https:\\\/\\\/rmsautomotive.eu\\\/de\\\/#website\",\"url\":\"https:\\\/\\\/rmsautomotive.eu\\\/de\\\/\",\"name\":\"RMS Automotive\",\"description\":\"\",\"potentialAction\":[{\"@type\":\"SearchAction\",\"target\":{\"@type\":\"EntryPoint\",\"urlTemplate\":\"https:\\\/\\\/rmsautomotive.eu\\\/de\\\/?s={search_term_string}\"},\"query-input\":{\"@type\":\"PropertyValueSpecification\",\"valueRequired\":true,\"valueName\":\"search_term_string\"}}],\"inLanguage\":\"de\"}]}<\/script>\n<!-- \/ Yoast SEO plugin. -->","yoast_head_json":{"title":"Used car remarketing and vehicle inventory management software | RMS Automotive RMS Privacy Policy - RMSAuto.eu","robots":{"index":"index","follow":"follow","max-snippet":"max-snippet:-1","max-image-preview":"max-image-preview:large","max-video-preview":"max-video-preview:-1"},"canonical":"https:\/\/rmsautomotive.eu\/de\/datenschutz-bestimmungen\/","og_locale":"de_DE","og_type":"article","og_title":"Used car remarketing and vehicle inventory management software | RMS Automotive RMS Privacy Policy - RMSAuto.eu","og_description":"Datenschutzrichtlinie Wir von RMS Automotive \u2013 als Teil der Unternehmensgruppe Cox Automotive mit eingetragenem Sitz Central House, Leeds Road, Rothwell, Leeds, LS26 0JE, England \u2013 nehmen den Schutz Ihrer pers\u00f6nlichen Daten sehr ernst und ergreifen alle angemessenen Ma\u00dfnahmen, um die geltenden Datenschutzgesetze zu erf\u00fcllen. Wir m\u00f6chten Ihnen hier einen \u00dcberblick \u00fcber die Daten geben, die [&hellip;]","og_url":"https:\/\/rmsautomotive.eu\/de\/datenschutz-bestimmungen\/","og_site_name":"RMS Automotive","article_modified_time":"2021-09-13T09:54:18+00:00","twitter_card":"summary_large_image","twitter_misc":{"Gesch\u00e4tzte Lesezeit":"7\u00a0Minuten"},"schema":{"@context":"https:\/\/schema.org","@graph":[{"@type":"WebPage","@id":"https:\/\/rmsautomotive.eu\/de\/datenschutz-bestimmungen\/","url":"https:\/\/rmsautomotive.eu\/de\/datenschutz-bestimmungen\/","name":"Used car remarketing and vehicle inventory management software | RMS Automotive RMS Privacy Policy - RMSAuto.eu","isPartOf":{"@id":"https:\/\/rmsautomotive.eu\/de\/#website"},"datePublished":"2021-07-29T13:45:00+00:00","dateModified":"2021-09-13T09:54:18+00:00","breadcrumb":{"@id":"https:\/\/rmsautomotive.eu\/de\/datenschutz-bestimmungen\/#breadcrumb"},"inLanguage":"de","potentialAction":[{"@type":"ReadAction","target":["https:\/\/rmsautomotive.eu\/de\/datenschutz-bestimmungen\/"]}]},{"@type":"BreadcrumbList","@id":"https:\/\/rmsautomotive.eu\/de\/datenschutz-bestimmungen\/#breadcrumb","itemListElement":[{"@type":"ListItem","position":1,"name":"Home","item":"https:\/\/rmsautomotive.eu\/de\/"},{"@type":"ListItem","position":2,"name":"Privacy Policy"}]},{"@type":"WebSite","@id":"https:\/\/rmsautomotive.eu\/de\/#website","url":"https:\/\/rmsautomotive.eu\/de\/","name":"RMS Automotive","description":"","potentialAction":[{"@type":"SearchAction","target":{"@type":"EntryPoint","urlTemplate":"https:\/\/rmsautomotive.eu\/de\/?s={search_term_string}"},"query-input":{"@type":"PropertyValueSpecification","valueRequired":true,"valueName":"search_term_string"}}],"inLanguage":"de"}]}},"_links":{"self":[{"href":"https:\/\/rmsautomotive.eu\/de\/wp-json\/wp\/v2\/pages\/2139","targetHints":{"allow":["GET"]}}],"collection":[{"href":"https:\/\/rmsautomotive.eu\/de\/wp-json\/wp\/v2\/pages"}],"about":[{"href":"https:\/\/rmsautomotive.eu\/de\/wp-json\/wp\/v2\/types\/page"}],"author":[{"embeddable":true,"href":"https:\/\/rmsautomotive.eu\/de\/wp-json\/wp\/v2\/users\/1"}],"replies":[{"embeddable":true,"href":"https:\/\/rmsautomotive.eu\/de\/wp-json\/wp\/v2\/comments?post=2139"}],"version-history":[{"count":12,"href":"https:\/\/rmsautomotive.eu\/de\/wp-json\/wp\/v2\/pages\/2139\/revisions"}],"predecessor-version":[{"id":3472,"href":"https:\/\/rmsautomotive.eu\/de\/wp-json\/wp\/v2\/pages\/2139\/revisions\/3472"}],"wp:attachment":[{"href":"https:\/\/rmsautomotive.eu\/de\/wp-json\/wp\/v2\/media?parent=2139"}],"curies":[{"name":"wp","href":"https:\/\/api.w.org\/{rel}","templated":true}]}}