{"id":3711,"date":"2022-03-14T14:35:04","date_gmt":"2022-03-14T14:35:04","guid":{"rendered":"https:\/\/rmsautomotive.eu\/cookie-richtlinie\/"},"modified":"2022-03-14T14:35:05","modified_gmt":"2022-03-14T14:35:05","slug":"cookie-richtlinie","status":"publish","type":"page","link":"https:\/\/rmsautomotive.eu\/de\/cookie-richtlinie\/","title":{"rendered":"Cookie-Richtlinie"},"content":{"rendered":"\t\t<div data-elementor-type=\"wp-page\" data-elementor-id=\"3711\" class=\"elementor elementor-3711 elementor-3692\" data-elementor-post-type=\"page\">\n\t\t\t\t\t\t<section class=\"elementor-section elementor-top-section elementor-element elementor-element-2994280d elementor-section-boxed elementor-section-height-default elementor-section-height-default\" data-id=\"2994280d\" data-element_type=\"section\">\n\t\t\t\t\t\t<div class=\"elementor-container elementor-column-gap-default\">\n\t\t\t\t\t<div class=\"elementor-column elementor-col-100 elementor-top-column elementor-element elementor-element-723909f9\" data-id=\"723909f9\" data-element_type=\"column\">\n\t\t\t<div class=\"elementor-widget-wrap elementor-element-populated\">\n\t\t\t\t\t\t<div class=\"elementor-element elementor-element-35da3b06 elementor-widget elementor-widget-text-editor\" data-id=\"35da3b06\" data-element_type=\"widget\" data-widget_type=\"text-editor.default\">\n\t\t\t\t<div class=\"elementor-widget-container\">\n\t\t\t\t\t\t\t\t\t<div class=\"cli_pg_page_contaner\">\n<h3>\u00dcber diese Cookie-Richtlinie.<\/h3>\n<div>Diese Cookie-Richtlinie erkl\u00e4rt, was Cookies sind und wie wir sie verwenden. Sie sollten diese Richtlinie lesen, um zu verstehen, was Cookies sind, wie wir sie verwenden, welche Arten von Cookies wir verwenden, dh die Informationen, die wir mithilfe von Cookies sammeln und wie diese Informationen verwendet werden und wie Sie die Cookie-Einstellungen steuern k\u00f6nnen. Weitere Informationen dar\u00fcber, wie wir Ihre personenbezogenen Daten verwenden, speichern und sicher aufbewahren, finden Sie in unserer Datenschutzrichtlinie.<\/p>\n<p>Sie k\u00f6nnen Ihre Zustimmung zu der Cookie-Erkl\u00e4rung auf unserer Website jederzeit \u00e4ndern oder widerrufen.<br \/>\nErfahren Sie in unserer Datenschutzerkl\u00e4rung mehr dar\u00fcber, wer wir sind, wie Sie uns kontaktieren k\u00f6nnen und wie wir personenbezogene Daten verarbeiten.<br \/>\nIhre Zustimmung gilt f\u00fcr die folgenden Domains: rmsautomotive.eu<br \/>\n<div class=\"wt-cli-element cli_user_consent_state\"><\/div><\/p><\/div>\n<h3>Was sind Kekse?<\/h3>\n<div>Cookies sind kleine Textdateien, die verwendet werden, um kleine Informationen zu speichern. Die Cookies werden auf Ihrem Ger\u00e4t gespeichert, wenn die Website in Ihrem Browser geladen wird. Diese Cookies helfen uns dabei, die Website ordnungsgem\u00e4\u00df funktionieren zu lassen, die Website sicherer zu machen, eine bessere Benutzererfahrung zu bieten und zu verstehen, wie die Website funktioniert, und zu analysieren, was funktioniert und wo sie verbessert werden muss.<\/div>\n<h3>Wie verwenden wir Cookies?<\/h3>\n<div>Wie die meisten Online-Dienste verwendet unsere Website Cookies von Erstanbietern und Drittanbietern f\u00fcr eine Reihe von Zwecken. Die Erstanbieter-Cookies sind meistens notwendig, damit die Website richtig funktioniert, und sie erfassen keine Ihrer personenbezogenen Daten.<\/p>\n<p>Die auf unseren Websites verwendeten Cookies von Drittanbietern werden haupts\u00e4chlich verwendet, um zu verstehen, wie die Website funktioniert, wie Sie mit unserer Website interagieren, unsere Dienste sicher zu halten, f\u00fcr Sie relevante Werbung bereitzustellen und Ihnen insgesamt eine bessere und verbesserte Website zu bieten Benutzererfahrung und helfen, Ihre zuk\u00fcnftigen Interaktionen mit unserer Website zu beschleunigen.<\/p><\/div>\n<h3>Welche Arten von Cookies verwenden wir?<\/h3>\n<div>Die auf unserer Website verwendeten Cookies sind in die folgenden Kategorien eingeteilt.<div class=\"wt-cli-element cli_cookie_category_single\"><div class=\"cli_cookie_category_single\"><h5 class=\"cli_cookie_category_single_hd\">Notwendig<\/h5><div class=\"cli_cookie_category_single_description\"><p>Notwendige Cookies sind f\u00fcr die ordnungsgem\u00e4\u00dfe Funktion der Website unbedingt erforderlich. Diese Cookies gew\u00e4hrleisten anonym grundlegende Funktionen und Sicherheitsfunktionen der Website.\n<table class=\"wt-cli-element cookielawinfo-row-cat-table cookielawinfo-winter\"><thead><tr><th scope=\"col\" class=\"cookielawinfo-column-1\">Cookie<\/th><th scope=\"col\" class=\"cookielawinfo-column-3\">Dauer<\/th><th scope=\"col\" class=\"cookielawinfo-column-4\">Beschreibung<\/th><\/tr><\/thead><tbody><tr class=\"cookielawinfo-row\"><td class=\"cookielawinfo-column-1\">cli_user_preference<\/td><td class=\"cookielawinfo-column-3\"><\/td><td class=\"cookielawinfo-column-4\">Das Cookie wird vom GDPR Cookie Consent Plugin gesetzt und wird verwendet, um zu speichern, ob ein Benutzer der Verwendung bestimmter Cookie-Kategorien zugestimmt hat oder nicht. Es werden keine personenbezogenen Daten gespeichert.<\/td><\/tr><tr class=\"cookielawinfo-row\"><td class=\"cookielawinfo-column-1\">cookielawinfo-checkbox-advertising<\/td><td class=\"cookielawinfo-column-3\"><\/td><td class=\"cookielawinfo-column-4\">Dieses Cookie wird vom GDPR Cookie Consent Plugin gesetzt und wird verwendet, um die Zustimmung des Benutzers f\u00fcr die Cookies in der Kategorie &#8222;Werbung&#8220; aufzuzeichnen.<\/td><\/tr><tr class=\"cookielawinfo-row\"><td class=\"cookielawinfo-column-1\">cookielawinfo-checkbox-analytics<\/td><td class=\"cookielawinfo-column-3\"><\/td><td class=\"cookielawinfo-column-4\">Dieses Cookie wird vom GDPR Cookie Consent Plugin gesetzt. Das Cookie wird verwendet, um die Zustimmung des Benutzers f\u00fcr die Cookies in der Kategorie \u201eAnalytics\u201c zu speichern.<\/td><\/tr><tr class=\"cookielawinfo-row\"><td class=\"cookielawinfo-column-1\">cookielawinfo-checkbox-functional<\/td><td class=\"cookielawinfo-column-3\"><\/td><td class=\"cookielawinfo-column-4\">Das Cookie wird von der DSGVO-Cookie-Zustimmung gesetzt, um die Zustimmung des Benutzers f\u00fcr die Cookies in der Kategorie &#8222;Funktional&#8220; zu erfassen.<\/td><\/tr><tr class=\"cookielawinfo-row\"><td class=\"cookielawinfo-column-1\">cookielawinfo-checkbox-necessary<\/td><td class=\"cookielawinfo-column-3\"><\/td><td class=\"cookielawinfo-column-4\">Dieses Cookie wird vom GDPR Cookie Consent Plugin gesetzt. Die Cookies werden verwendet, um die Zustimmung des Benutzers f\u00fcr die Cookies in der Kategorie \u201eNotwendig\u201c zu speichern.<\/td><\/tr><tr class=\"cookielawinfo-row\"><td class=\"cookielawinfo-column-1\">cookielawinfo-checkbox-other<\/td><td class=\"cookielawinfo-column-3\"><\/td><td class=\"cookielawinfo-column-4\">Dieses Cookie wird vom GDPR Cookie Consent Plugin gesetzt. Das Cookie wird verwendet, um die Zustimmung des Benutzers f\u00fcr die Cookies in der Kategorie \u201eSonstiges\u201c zu speichern.<\/td><\/tr><tr class=\"cookielawinfo-row\"><td class=\"cookielawinfo-column-1\">cookielawinfo-checkbox-performance<\/td><td class=\"cookielawinfo-column-3\"><\/td><td class=\"cookielawinfo-column-4\">Dieses Cookie wird vom GDPR Cookie Consent Plugin gesetzt. Das Cookie wird verwendet, um die Zustimmung des Benutzers f\u00fcr die Cookies in der Kategorie \u201eLeistung\u201c zu speichern.<\/td><\/tr><tr class=\"cookielawinfo-row\"><td class=\"cookielawinfo-column-1\">elementor<\/td><td class=\"cookielawinfo-column-3\"><\/td><td class=\"cookielawinfo-column-4\">Dieses Cookie wird vom WordPress-Theme der Website verwendet. Es erm\u00f6glicht dem Websitebesitzer, den Inhalt der Website in Echtzeit zu implementieren oder zu \u00e4ndern.<\/td><\/tr><tr class=\"cookielawinfo-row\"><td class=\"cookielawinfo-column-1\">viewed_cookie_policy<\/td><td class=\"cookielawinfo-column-3\"><\/td><td class=\"cookielawinfo-column-4\">Das Cookie wird vom GDPR Cookie Consent Plugin gesetzt und verwendet, um zu speichern, ob der Benutzer der Verwendung von Cookies zugestimmt hat oder nicht. Es werden keine personenbezogenen Daten gespeichert.<\/td><\/tr><\/tbody><\/table><\/p><\/div><\/div><div class=\"cli_cookie_category_single\"><h5 class=\"cli_cookie_category_single_hd\">Funktionell<\/h5><div class=\"cli_cookie_category_single_description\"><p>Funktionale Cookies helfen dabei, bestimmte Funktionen auszuf\u00fchren, wie das Teilen des Inhalts der Website auf Plattformen sozialer Medien, das Sammeln von R\u00fcckmeldungen und andere Funktionen von Dritten.<\/p><\/div><\/div><div class=\"cli_cookie_category_single\"><h5 class=\"cli_cookie_category_single_hd\">Leistung<\/h5><div class=\"cli_cookie_category_single_description\"><p>Leistungs-Cookies werden verwendet, um zu verstehen und zu analysieren, wie die Besucher interagieren, und um die wichtigsten Leistungsindizes der Website zu ermitteln, was dazu beitr\u00e4gt, den Besuchern ein besseres Nutzererlebnis zu bieten.   <\/p><\/div><\/div><div class=\"cli_cookie_category_single\"><h5 class=\"cli_cookie_category_single_hd\">Analytik<\/h5><div class=\"cli_cookie_category_single_description\"><p>Analytische Cookies werden verwendet, um zu verstehen, wie Besucher mit der Website interagieren. Diese Cookies helfen dabei, Informationen zu Metriken wie Anzahl der Besucher, Absprungrate, Verkehrsquelle usw. bereitzustellen.\r\n<table class=\"wt-cli-element cookielawinfo-row-cat-table cookielawinfo-winter\"><thead><tr><th scope=\"col\" class=\"cookielawinfo-column-1\">Cookie<\/th><th scope=\"col\" class=\"cookielawinfo-column-3\">Dauer<\/th><th scope=\"col\" class=\"cookielawinfo-column-4\">Beschreibung<\/th><\/tr><\/thead><tbody><tr class=\"cookielawinfo-row\"><td class=\"cookielawinfo-column-1\">_ga<\/td><td class=\"cookielawinfo-column-3\"><\/td><td class=\"cookielawinfo-column-4\">Das von Google Analytics installierte _ga-Cookie berechnet Besucher-, Sitzungs- und Kampagnendaten und verfolgt auch die Site-Nutzung f\u00fcr den Analysebericht der Site. Das Cookie speichert Informationen anonym und weist eine zuf\u00e4llig generierte Nummer zu, um eindeutige Besucher zu erkennen.<\/td><\/tr><tr class=\"cookielawinfo-row\"><td class=\"cookielawinfo-column-1\">_ga_YKJPDJ86VJ<\/td><td class=\"cookielawinfo-column-3\"><\/td><td class=\"cookielawinfo-column-4\">Dieses Cookie wird von Google Analytics installiert.<\/td><\/tr><tr class=\"cookielawinfo-row\"><td class=\"cookielawinfo-column-1\">_gat_UA-204706017-1<\/td><td class=\"cookielawinfo-column-3\"><\/td><td class=\"cookielawinfo-column-4\">Eine Variation des _gat-Cookies, die von Google Analytics und Google Tag Manager gesetzt wird, um Website-Besitzern zu erm\u00f6glichen, das Besucherverhalten zu verfolgen und die Website-Leistung zu messen. Das Musterelement im Namen enth\u00e4lt die eindeutige Identit\u00e4tsnummer des Kontos oder der Website, auf die es sich bezieht.<\/td><\/tr><tr class=\"cookielawinfo-row\"><td class=\"cookielawinfo-column-1\">_gid<\/td><td class=\"cookielawinfo-column-3\"><\/td><td class=\"cookielawinfo-column-4\">Das von Google Analytics installierte _gid-Cookie speichert Informationen dar\u00fcber, wie Besucher eine Website nutzen, und erstellt gleichzeitig einen Analysebericht \u00fcber die Leistung der Website. Zu den gesammelten Daten geh\u00f6ren die Anzahl der Besucher, ihre Quelle und die Seiten, die sie anonym besuchen.<\/td><\/tr><tr class=\"cookielawinfo-row\"><td class=\"cookielawinfo-column-1\">CONSENT<\/td><td class=\"cookielawinfo-column-3\"><\/td><td class=\"cookielawinfo-column-4\">YouTube setzt dieses Cookie \u00fcber eingebettete Youtube-Videos und registriert anonyme Statistikdaten.<\/td><\/tr><tr class=\"cookielawinfo-row\"><td class=\"cookielawinfo-column-1\">vuid<\/td><td class=\"cookielawinfo-column-3\"><\/td><td class=\"cookielawinfo-column-4\">Vimeo installiert dieses Cookie, um Tracking-Informationen zu sammeln, indem eine eindeutige ID festgelegt wird, um Videos in die Website einzubetten.<\/td><\/tr><\/tbody><\/table><\/p><\/div><\/div><div class=\"cli_cookie_category_single\"><h5 class=\"cli_cookie_category_single_hd\">Werbung<\/h5><div class=\"cli_cookie_category_single_description\"><p>Werbe-Cookies werden verwendet, um Besuchern relevante Anzeigen und Marketingkampagnen bereitzustellen. Diese Cookies verfolgen Besucher \u00fcber Websites hinweg und sammeln Informationen, um ma\u00dfgeschneiderte Anzeigen bereitzustellen.\n<table class=\"wt-cli-element cookielawinfo-row-cat-table cookielawinfo-winter\"><thead><tr><th scope=\"col\" class=\"cookielawinfo-column-1\">Cookie<\/th><th scope=\"col\" class=\"cookielawinfo-column-3\">Dauer<\/th><th scope=\"col\" class=\"cookielawinfo-column-4\">Beschreibung<\/th><\/tr><\/thead><tbody><tr class=\"cookielawinfo-row\"><td class=\"cookielawinfo-column-1\">YSC<\/td><td class=\"cookielawinfo-column-3\"><\/td><td class=\"cookielawinfo-column-4\">YSC-Cookie wird von Youtube gesetzt und wird verwendet, um die Aufrufe eingebetteter Videos auf Youtube-Seiten zu verfolgen.<\/td><\/tr><tr class=\"cookielawinfo-row\"><td class=\"cookielawinfo-column-1\">yt-remote-connected-devices<\/td><td class=\"cookielawinfo-column-3\"><\/td><td class=\"cookielawinfo-column-4\">YouTube setzt dieses Cookie, um die Videoeinstellungen des Benutzers zu speichern, der eingebettete YouTube-Videos verwendet.<\/td><\/tr><tr class=\"cookielawinfo-row\"><td class=\"cookielawinfo-column-1\">yt-remote-device-id<\/td><td class=\"cookielawinfo-column-3\"><\/td><td class=\"cookielawinfo-column-4\">YouTube setzt dieses Cookie, um die Videoeinstellungen des Benutzers zu speichern, der eingebettete YouTube-Videos verwendet.<\/td><\/tr><\/tbody><\/table><\/p><\/div><\/div><div class=\"cli_cookie_category_single\"><h5 class=\"cli_cookie_category_single_hd\">Andere<\/h5><div class=\"cli_cookie_category_single_description\"><p>Andere nicht kategorisierte Cookies sind solche, die noch analysiert werden und noch nicht in eine Kategorie eingeordnet wurden.<\/p><\/div><\/div><div class=\"cli_cookie_category_single\"><h5 class=\"cli_cookie_category_single_hd\">Advertisement<\/h5><div class=\"cli_cookie_category_single_description\"><p><\/p><\/div><\/div><div class=\"cli_cookie_category_single\"><h5 class=\"cli_cookie_category_single_hd\">CookieLawInfoConsent<\/h5><div class=\"cli_cookie_category_single_description\"><p><\/p><\/div><\/div><\/div>&nbsp;<\/div>\n<h3>Wie kann ich die Cookie-Einstellungen steuern?<\/h3>\n<div>Sie k\u00f6nnen Ihre Cookie-Einstellungen verwalten, indem Sie auf die Schaltfl\u00e4che \u201eEinstellungen\u201c klicken und die Cookie-Kategorien im Popup entsprechend Ihren Einstellungen aktivieren oder deaktivieren.<\/p>\n<p>Sollten Sie sich entscheiden, Ihre Einstellungen sp\u00e4ter w\u00e4hrend Ihrer Browsersitzung zu \u00e4ndern, k\u00f6nnen Sie auf Ihrem Bildschirm auf die Registerkarte \u201eDatenschutz- und Cookie-Richtlinie\u201c klicken. Dadurch wird der Zustimmungshinweis erneut angezeigt, sodass Sie Ihre Einstellungen \u00e4ndern oder Ihre Zustimmung vollst\u00e4ndig widerrufen k\u00f6nnen.<\/p>\n<p>Dar\u00fcber hinaus bieten verschiedene Browser unterschiedliche Methoden zum Blockieren und L\u00f6schen von Cookies, die von Websites verwendet werden. Sie k\u00f6nnen die Einstellungen Ihres Browsers \u00e4ndern, um Cookies zu blockieren\/l\u00f6schen. Weitere Informationen zum Verwalten und L\u00f6schen von Cookies finden Sie auf wikipedia.org, www.allaboutcookies.org.<\/p><\/div>\n<p class=\"wt-cli-element\" style=\"color:#333; clear:both; font-style:italic; font-size:12px; margin-top:15px;\">Powered By <a href=\"https:\/\/www.webtoffee.com\/\" style=\"color:#333; font-weight:600; font-size:12px;\">WebToffee<\/a><\/p><\/div>\n\t\t\t\t\t\t\t\t<\/div>\n\t\t\t\t<\/div>\n\t\t\t\t\t<\/div>\n\t\t<\/div>\n\t\t\t\t\t<\/div>\n\t\t<\/section>\n\t\t\t\t<\/div>\n\t\t","protected":false},"excerpt":{"rendered":"<p>\u00dcber diese Cookie-Richtlinie. Diese Cookie-Richtlinie erkl\u00e4rt, was Cookies sind und wie wir sie verwenden. Sie sollten diese Richtlinie lesen, um zu verstehen, was Cookies sind, wie wir sie verwenden, welche Arten von Cookies wir verwenden, dh die Informationen, die wir mithilfe von Cookies sammeln und wie diese Informationen verwendet werden und wie Sie die Cookie-Einstellungen [&hellip;]<\/p>\n","protected":false},"author":3,"featured_media":0,"parent":0,"menu_order":0,"comment_status":"closed","ping_status":"closed","template":"","meta":{"footnotes":""},"class_list":["post-3711","page","type-page","status-publish","hentry"],"yoast_head":"<!-- This site is optimized with the Yoast SEO plugin v27.3 - https:\/\/yoast.com\/product\/yoast-seo-wordpress\/ -->\n<title>Cookie-Richtlinie - RMS Automotive<\/title>\n<meta name=\"robots\" content=\"index, follow, max-snippet:-1, max-image-preview:large, max-video-preview:-1\" \/>\n<link rel=\"canonical\" href=\"https:\/\/rmsautomotive.eu\/de\/cookie-richtlinie\/\" \/>\n<meta property=\"og:locale\" content=\"de_DE\" \/>\n<meta property=\"og:type\" content=\"article\" \/>\n<meta property=\"og:title\" content=\"Cookie-Richtlinie - RMS Automotive\" \/>\n<meta property=\"og:description\" content=\"\u00dcber diese Cookie-Richtlinie. Diese Cookie-Richtlinie erkl\u00e4rt, was Cookies sind und wie wir sie verwenden. Sie sollten diese Richtlinie lesen, um zu verstehen, was Cookies sind, wie wir sie verwenden, welche Arten von Cookies wir verwenden, dh die Informationen, die wir mithilfe von Cookies sammeln und wie diese Informationen verwendet werden und wie Sie die Cookie-Einstellungen [&hellip;]\" \/>\n<meta property=\"og:url\" content=\"https:\/\/rmsautomotive.eu\/de\/cookie-richtlinie\/\" \/>\n<meta property=\"og:site_name\" content=\"RMS Automotive\" \/>\n<meta property=\"article:modified_time\" content=\"2022-03-14T14:35:05+00:00\" \/>\n<meta name=\"twitter:card\" content=\"summary_large_image\" \/>\n<meta name=\"twitter:label1\" content=\"Gesch\u00e4tzte Lesezeit\" \/>\n\t<meta name=\"twitter:data1\" content=\"2\u00a0Minuten\" \/>\n<script type=\"application\/ld+json\" class=\"yoast-schema-graph\">{\"@context\":\"https:\\\/\\\/schema.org\",\"@graph\":[{\"@type\":\"WebPage\",\"@id\":\"https:\\\/\\\/rmsautomotive.eu\\\/de\\\/cookie-richtlinie\\\/\",\"url\":\"https:\\\/\\\/rmsautomotive.eu\\\/de\\\/cookie-richtlinie\\\/\",\"name\":\"Cookie-Richtlinie - RMS Automotive\",\"isPartOf\":{\"@id\":\"https:\\\/\\\/rmsautomotive.eu\\\/de\\\/#website\"},\"datePublished\":\"2022-03-14T14:35:04+00:00\",\"dateModified\":\"2022-03-14T14:35:05+00:00\",\"breadcrumb\":{\"@id\":\"https:\\\/\\\/rmsautomotive.eu\\\/de\\\/cookie-richtlinie\\\/#breadcrumb\"},\"inLanguage\":\"de\",\"potentialAction\":[{\"@type\":\"ReadAction\",\"target\":[\"https:\\\/\\\/rmsautomotive.eu\\\/de\\\/cookie-richtlinie\\\/\"]}]},{\"@type\":\"BreadcrumbList\",\"@id\":\"https:\\\/\\\/rmsautomotive.eu\\\/de\\\/cookie-richtlinie\\\/#breadcrumb\",\"itemListElement\":[{\"@type\":\"ListItem\",\"position\":1,\"name\":\"Home\",\"item\":\"https:\\\/\\\/rmsautomotive.eu\\\/de\\\/\"},{\"@type\":\"ListItem\",\"position\":2,\"name\":\"Cookie-Richtlinie\"}]},{\"@type\":\"WebSite\",\"@id\":\"https:\\\/\\\/rmsautomotive.eu\\\/de\\\/#website\",\"url\":\"https:\\\/\\\/rmsautomotive.eu\\\/de\\\/\",\"name\":\"RMS Automotive\",\"description\":\"\",\"potentialAction\":[{\"@type\":\"SearchAction\",\"target\":{\"@type\":\"EntryPoint\",\"urlTemplate\":\"https:\\\/\\\/rmsautomotive.eu\\\/de\\\/?s={search_term_string}\"},\"query-input\":{\"@type\":\"PropertyValueSpecification\",\"valueRequired\":true,\"valueName\":\"search_term_string\"}}],\"inLanguage\":\"de\"}]}<\/script>\n<!-- \/ Yoast SEO plugin. -->","yoast_head_json":{"title":"Cookie-Richtlinie - RMS Automotive","robots":{"index":"index","follow":"follow","max-snippet":"max-snippet:-1","max-image-preview":"max-image-preview:large","max-video-preview":"max-video-preview:-1"},"canonical":"https:\/\/rmsautomotive.eu\/de\/cookie-richtlinie\/","og_locale":"de_DE","og_type":"article","og_title":"Cookie-Richtlinie - RMS Automotive","og_description":"\u00dcber diese Cookie-Richtlinie. Diese Cookie-Richtlinie erkl\u00e4rt, was Cookies sind und wie wir sie verwenden. Sie sollten diese Richtlinie lesen, um zu verstehen, was Cookies sind, wie wir sie verwenden, welche Arten von Cookies wir verwenden, dh die Informationen, die wir mithilfe von Cookies sammeln und wie diese Informationen verwendet werden und wie Sie die Cookie-Einstellungen [&hellip;]","og_url":"https:\/\/rmsautomotive.eu\/de\/cookie-richtlinie\/","og_site_name":"RMS Automotive","article_modified_time":"2022-03-14T14:35:05+00:00","twitter_card":"summary_large_image","twitter_misc":{"Gesch\u00e4tzte Lesezeit":"2\u00a0Minuten"},"schema":{"@context":"https:\/\/schema.org","@graph":[{"@type":"WebPage","@id":"https:\/\/rmsautomotive.eu\/de\/cookie-richtlinie\/","url":"https:\/\/rmsautomotive.eu\/de\/cookie-richtlinie\/","name":"Cookie-Richtlinie - RMS Automotive","isPartOf":{"@id":"https:\/\/rmsautomotive.eu\/de\/#website"},"datePublished":"2022-03-14T14:35:04+00:00","dateModified":"2022-03-14T14:35:05+00:00","breadcrumb":{"@id":"https:\/\/rmsautomotive.eu\/de\/cookie-richtlinie\/#breadcrumb"},"inLanguage":"de","potentialAction":[{"@type":"ReadAction","target":["https:\/\/rmsautomotive.eu\/de\/cookie-richtlinie\/"]}]},{"@type":"BreadcrumbList","@id":"https:\/\/rmsautomotive.eu\/de\/cookie-richtlinie\/#breadcrumb","itemListElement":[{"@type":"ListItem","position":1,"name":"Home","item":"https:\/\/rmsautomotive.eu\/de\/"},{"@type":"ListItem","position":2,"name":"Cookie-Richtlinie"}]},{"@type":"WebSite","@id":"https:\/\/rmsautomotive.eu\/de\/#website","url":"https:\/\/rmsautomotive.eu\/de\/","name":"RMS Automotive","description":"","potentialAction":[{"@type":"SearchAction","target":{"@type":"EntryPoint","urlTemplate":"https:\/\/rmsautomotive.eu\/de\/?s={search_term_string}"},"query-input":{"@type":"PropertyValueSpecification","valueRequired":true,"valueName":"search_term_string"}}],"inLanguage":"de"}]}},"_links":{"self":[{"href":"https:\/\/rmsautomotive.eu\/de\/wp-json\/wp\/v2\/pages\/3711","targetHints":{"allow":["GET"]}}],"collection":[{"href":"https:\/\/rmsautomotive.eu\/de\/wp-json\/wp\/v2\/pages"}],"about":[{"href":"https:\/\/rmsautomotive.eu\/de\/wp-json\/wp\/v2\/types\/page"}],"author":[{"embeddable":true,"href":"https:\/\/rmsautomotive.eu\/de\/wp-json\/wp\/v2\/users\/3"}],"replies":[{"embeddable":true,"href":"https:\/\/rmsautomotive.eu\/de\/wp-json\/wp\/v2\/comments?post=3711"}],"version-history":[{"count":3,"href":"https:\/\/rmsautomotive.eu\/de\/wp-json\/wp\/v2\/pages\/3711\/revisions"}],"predecessor-version":[{"id":3714,"href":"https:\/\/rmsautomotive.eu\/de\/wp-json\/wp\/v2\/pages\/3711\/revisions\/3714"}],"wp:attachment":[{"href":"https:\/\/rmsautomotive.eu\/de\/wp-json\/wp\/v2\/media?parent=3711"}],"curies":[{"name":"wp","href":"https:\/\/api.w.org\/{rel}","templated":true}]}}