{"id":2143,"date":"2021-07-29T14:45:15","date_gmt":"2021-07-29T13:45:15","guid":{"rendered":"https:\/\/rmsautomotive.eu\/politica-de-privacidad\/"},"modified":"2021-09-08T13:02:49","modified_gmt":"2021-09-08T12:02:49","slug":"politica-de-privacidad","status":"publish","type":"page","link":"https:\/\/rmsautomotive.eu\/es\/politica-de-privacidad\/","title":{"rendered":"Pol\u00edtica de privacidad"},"content":{"rendered":"\t\t<div data-elementor-type=\"wp-page\" data-elementor-id=\"2143\" class=\"elementor elementor-2143 elementor-626\" data-elementor-post-type=\"page\">\n\t\t\t\t\t\t<section class=\"elementor-section elementor-top-section elementor-element elementor-element-75560b6a elementor-section-content-middle elementor-section-boxed elementor-section-height-default elementor-section-height-default\" data-id=\"75560b6a\" data-element_type=\"section\">\n\t\t\t\t\t\t<div class=\"elementor-container elementor-column-gap-no\">\n\t\t\t\t\t<div class=\"elementor-column elementor-col-100 elementor-top-column elementor-element elementor-element-5ee56c6a\" data-id=\"5ee56c6a\" data-element_type=\"column\">\n\t\t\t<div class=\"elementor-widget-wrap elementor-element-populated\">\n\t\t\t\t\t\t<div class=\"elementor-element elementor-element-35c331b elementor-widget elementor-widget-heading\" data-id=\"35c331b\" data-element_type=\"widget\" data-widget_type=\"heading.default\">\n\t\t\t\t<div class=\"elementor-widget-container\">\n\t\t\t\t\t<h1 class=\"elementor-heading-title elementor-size-default\">Pol\u00edtica de privacidad<\/h1>\t\t\t\t<\/div>\n\t\t\t\t<\/div>\n\t\t\t\t<div class=\"elementor-element elementor-element-87f96cc elementor-widget elementor-widget-text-editor\" data-id=\"87f96cc\" data-element_type=\"widget\" data-widget_type=\"text-editor.default\">\n\t\t\t\t<div class=\"elementor-widget-container\">\n\t\t\t\t\t\t\t\t\t<div class=\"page-top-header\"><div class=\"container\"><p>Pol\u00edtica de privacidad<\/p><p>Nosotros, RMS Automotive formamos parte del grupo de empresas Cox Automotive cuya direcci\u00f3n registrada es Central House, Leeds Road, Rothwell, Leeds, LS26 0JE, Reino Unido, nos tomamos muy en serio la protecci\u00f3n de sus datos personales, incluida la implementaci\u00f3n de todos los pasos razonables para cumplir con leyes de protecci\u00f3n de datos aplicables. La siguiente explicaci\u00f3n proporciona una descripci\u00f3n general de la informaci\u00f3n recopilada en este sitio web, incluida la informaci\u00f3n que puede constituir sus datos personales. Lea atentamente esta pol\u00edtica. Al visitar nuestro sitio web, reconoce y acepta las pr\u00e1cticas descritas en esta Pol\u00edtica de privacidad. A los efectos de la ley de protecci\u00f3n de datos aplicable, RMS es el controlador de cualquier dato personal que se recopile sobre usted en este sitio web. Informaci\u00f3n recopilada autom\u00e1ticamente en este sitio web<\/p><p>Recopilamos y almacenamos autom\u00e1ticamente informaci\u00f3n en los archivos de registro de nuestro servidor, que recibimos de su navegador. Esto incluye:<\/p><p>Tipo y versi\u00f3n de Bowser El sistema operativo utilizado Configuraci\u00f3n de resoluci\u00f3n y profundidad de color URL de referencia (la p\u00e1gina web visitada anteriormente, si corresponde) Nombre de host \/ direcci\u00f3n IP de la computadora que accede Hora y fecha de la solicitud del servidor<\/p><p>Informaci\u00f3n que proporcionas<\/p><p>Al utilizar nuestro sitio web, puedes proporcionarnos voluntariamente datos personales de las siguientes formas:<\/p><p>completando formularios en nuestro sitio web (por ejemplo, nuestro formulario \u2018Reg\u00edstrate para recibir actualizaciones directamente en tu bandeja de entrada\u2019); o comunic\u00e1ndote con nosotros por tel\u00e9fono, correo electr\u00f3nico o utilizando los datos de contacto proporcionados en nuestro sitio web.<\/p><p>Por lo general, los datos personales que nos proporcionas pueden incluir tu nombre, direcci\u00f3n, direcci\u00f3n de correo electr\u00f3nico, n\u00famero de tel\u00e9fono y cualquier dato personal necesario para resolver tu consulta o reclamaci\u00f3n. Uso de datos personales<\/p><p>La siguiente es una descripci\u00f3n general de nuestros prop\u00f3sitos para usar tus datos personales. Recuerda que es posible que te proporcionemos informaci\u00f3n adicional en un aviso por separado de vez en cuando. Todo el proceso (es decir, el uso) de tus datos personales est\u00e1 justificado por una \u00abbase legal\u00bb para la gesti\u00f3n. En la mayor\u00eda de los casos, el tratamiento se justificar\u00e1 de acuerdo a que:<\/p><p>has dado tu consentimiento para el procesamiento (por ejemplo, cuando te registras para recibir actualizaciones por correo electr\u00f3nico); el procesamiento es necesario para que cumplamos con una obligaci\u00f3n legal relevante; o el procesamiento responde a nuestros intereses comerciales leg\u00edtimos, sujeto a tus intereses y derechos fundamentales (por ejemplo, nuestro uso de tecnolog\u00edas anal\u00edticas como se describe a continuaci\u00f3n).<\/p><p>Usamos los datos personales que recopilamos para:<\/p><p>mejorar nuestro sitio web y nuestros servicios en general; personalizar nuestro sitio web seg\u00fan las necesidades de los usuarios; corresponder con los usuarios para resolver sus consultas o quejas; proporcionarte los servicios que solicites; y enviarte comunicaciones de marketing (es decir, nuestras actualizaciones por correo electr\u00f3nico), cuando nos sea l\u00edcito hacerlo.<\/p><p>Divulgaci\u00f3n de datos personales<\/p><p>RMS es parte del grupo global de compa\u00f1\u00edas de Cox Automotive y, de vez en cuando, ser\u00e1 necesario compartir tu informaci\u00f3n con nuestras oficinas en el extranjero y nuestras empresas afiliadas. Tambi\u00e9n podemos designar proveedores de servicios externos (que operar\u00e1n bajo nuestras instrucciones) para ayudarnos a brindarle informaci\u00f3n o servicios o para administrar y mejorar el sitio web, y estos terceros pueden necesitar acceso a tus datos personales. En relaci\u00f3n tanto con las transferencias internas como con el uso de proveedores de servicios, si los datos personales se transfieren fuera del EEE, tomaremos medidas para garantizar que la informaci\u00f3n reciba el mismo nivel de protecci\u00f3n que si permaneciera dentro del EEE, incluso al iniciar la transferencia de datos. acuerdos, utilizando las Cl\u00e1usulas Contractuales Est\u00e1ndar aprobadas por la Comisi\u00f3n de la UE, o confiando en esquemas de certificaci\u00f3n como el Escudo de Privacidad UE-EE.UU. Tiene derecho a conocer los detalles del mecanismo mediante el cual se transfieren sus datos fuera del EEE. Podemos compartir tus datos personales con terceros si nosotros, o sustancialmente todos nuestros activos o los de la compa\u00f1\u00eda afiliada relevante son adquiridos por un tercero, en cuyo caso los datos personales que tenemos sobre nuestros usuarios pueden ser uno de los activos transferidos. Tambi\u00e9n responderemos a las solicitudes de informaci\u00f3n cuando as\u00ed lo requiera la ley, o cuando creamos que la divulgaci\u00f3n es necesaria para proteger nuestros derechos y \/ o cumplir con un procedimiento judicial, orden judicial, solicitud de un regulador o cualquier otro proceso legal. servido en nosotros. Cookies y tecnolog\u00eda relacionada<\/p><p>Una cookie es un peque\u00f1o archivo que se puede colocar en el disco duro de tu dispositivo o en el servidor de un sitio web. Utilizamos cookies para obtener parte de la informaci\u00f3n recopilada autom\u00e1ticamente descrita anteriormente. La mayor\u00eda de los navegadores recopilan cookies autom\u00e1ticamente, pero no es necesario que las aceptes y, de hecho, puedes modificar tu navegador para no aceptarlas. Para obtener m\u00e1s informaci\u00f3n sobre las cookies, incluido c\u00f3mo configurar tu navegador de Internet para rechazar las cookies, accede a a www.allaboutcookies.org . Nuestros usos espec\u00edficos de cookies y tecnolog\u00eda relacionada son los siguientes:<\/p><p>Nombre<\/p><p>\u00bfQu\u00e9 hace?<\/p><p>\u00bfC\u00f3mo puedo obtener m\u00e1s informaci\u00f3n?<\/p><p>Google Analytics<\/p><p>Esto permite a nuestros clientes medir c\u00f3mo interact\u00faa con el contenido de sus sitios web, por ejemplo, en qu\u00e9 p\u00e1ginas haces clic, qu\u00e9 miras en una p\u00e1gina. A continuaci\u00f3n se proporciona m\u00e1s informaci\u00f3n sobre Google Analytics.<\/p><p>Informaci\u00f3n de cookies de Google Analytics<\/p><p>M\u00e1s informaci\u00f3n sobre Google Analytics<\/p><p>Este sitio web utiliza Google Analytics, un servicio de an\u00e1lisis web de Google Inc. (\u00abGoogle\u00bb). Google Analytics utiliza cookies que capturan informaci\u00f3n (incluida su direcci\u00f3n IP) que se env\u00eda a un servidor de Google ubicado en los EE. UU. Y se almacena all\u00ed. Google utilizar\u00e1 esta informaci\u00f3n para evaluar el uso de su sitio web con el fin de compilar informes del sitio web de las actividades para nosotros. Google tambi\u00e9n puede transmitir esta informaci\u00f3n a terceros, si as\u00ed lo exige la ley o si estos terceros deben procesar estos datos siguiendo las instrucciones de Google. Bajo ninguna circunstancia Google unir\u00e1 tu direcci\u00f3n IP con otros datos de Google. Consulta los T\u00e9rminos y condiciones de Google que se encuentran en: http:\/\/www.google.com\/analytics\/de-DE\/tox.html Tenga en cuenta la Pol\u00edtica de privacidad de Google: https:\/\/www.google.com\/intl\/de\/privacypolicy.html#information La recopilaci\u00f3n y el almacenamiento de datos pueden ser objeto de objeciones en cualquier momento. http:\/\/tools.google.com\/dlpage\/gaoptout?hl=de Seguridad<\/p><p>Utilizamos t\u00e9cnicas de almacenamiento y seguridad de datos para proteger tus datos personales del acceso no autorizado, uso o divulgaci\u00f3n indebidos, modificaciones no autorizadas o destrucci\u00f3n ilegal o p\u00e9rdida accidental. Sin embargo, es importante recordar que ning\u00fan sitio web puede ser 100% seguro y no podemos responsabilizarnos por el acceso no autorizado o no intencionado que est\u00e9 fuera de nuestro control. Conservaci\u00f3n de tu informaci\u00f3n<\/p><p>Aplicamos una regla general de conservar los datos personales solo durante el tiempo que sea necesario para cumplir con los fines para los que fueron recopilados. Sin embargo, en algunas circunstancias, podemos retener datos personales durante per\u00edodos de tiempo m\u00e1s prolongados, por ejemplo, cuando debamos hacerlo de acuerdo con los requisitos legales, fiscales y contables. En circunstancias espec\u00edficas, tambi\u00e9n podemos conservar tus datos personales durante per\u00edodos de tiempo m\u00e1s prolongados para que tengamos un registro preciso de tus tratos con nosotros en caso de quejas o impugnaciones. Enlaces externos<\/p><p>Este sitio web puede contener enlaces a sitios de terceros. Dado que RMS no controla ni es responsable de las pr\u00e1cticas de privacidad de esos sitios web, te recomendamos que revises las pol\u00edticas de privacidad de estos sitios de terceros. Esta pol\u00edtica se aplica \u00fanicamente a los datos personales recopilados por nuestros sitios web. Tus derechos<\/p><p>Sujeto a la ley aplicable, puedes tener algunos o todos los siguientes derechos con respecto a tus datos personales:<\/p><p>para obtener una copia de tus datos personales junto con informaci\u00f3n sobre c\u00f3mo y sobre qu\u00e9 base se procesan esos datos personales; para rectificar datos personales inexactos (incluido el derecho a que se completen los datos personales incompletos); para borrar tus datos personales (en circunstancias limitadas, cuando ya no sean necesarios en relaci\u00f3n con los fines para los que fueron recopilados o procesados); para restringir el procesamiento de tus datos personales cuando:<\/p><p>se impugna la exactitud de los datos personales; el procesamiento es ilegal pero se opone al borrado de los datos personales; ya no requerimos los datos personales, pero a\u00fan son necesarios para el establecimiento, ejercicio o defensa de un reclamo legal;<\/p><p>para impugnar el procesamiento que hemos justificado sobre la base de un inter\u00e9s leg\u00edtimo (en contraposici\u00f3n a tu consentimiento, o para ejecutar un contrato contigo); para evitar que te enviemos marketing directo; para retirar tu consentimiento para nuestro procesamiento de tus datos personales (cuando ese procesamiento se base en su consentimiento); y para obtener, o ver una copia de las salvaguardas apropiadas bajo las cuales tus datos personales son transferidos a un tercer pa\u00eds.<\/p><p>Adem\u00e1s de lo anterior, tienes derecho a presentar una queja ante la autoridad local de protecci\u00f3n de datos. En relaci\u00f3n con todos estos derechos, comun\u00edcate con nosotros utilizando los detalles que se proporcionan a continuaci\u00f3n. Ten en cuenta que podemos solicitar una prueba de identidad y nos reservamos el derecho de cobrar una tarifa cuando lo permita la ley, por ejemplo, si tu solicitud es manifiestamente infundada o excesiva. Nos esforzaremos por responder a tus solicitudes dentro de todos los plazos aplicables. Informaci\u00f3n Adicional<\/p><p>Tu confianza es muy importante para nosotros. Si tiene preguntas sobre el uso que hacemos de tus datos personales, comun\u00edcate con nosotros en dan.robinson@coxautoinc.com<\/p><\/div><\/div><section class=\"\"><div class=\"container\"><div>\u00a0<\/div><\/div><\/section>\t\t\t\t\t\t\t\t<\/div>\n\t\t\t\t<\/div>\n\t\t\t\t\t<\/div>\n\t\t<\/div>\n\t\t\t\t\t<\/div>\n\t\t<\/section>\n\t\t\t\t<\/div>\n\t\t","protected":false},"excerpt":{"rendered":"<p>Pol\u00edtica de privacidad Pol\u00edtica de privacidad Nosotros, RMS Automotive formamos parte del grupo de empresas Cox Automotive cuya direcci\u00f3n registrada es Central House, Leeds Road, Rothwell, Leeds, LS26 0JE, Reino Unido, nos tomamos muy en serio la protecci\u00f3n de sus datos personales, incluida la implementaci\u00f3n de todos los pasos razonables para cumplir con leyes de [&hellip;]<\/p>\n","protected":false},"author":1,"featured_media":0,"parent":0,"menu_order":0,"comment_status":"closed","ping_status":"closed","template":"elementor_header_footer","meta":{"footnotes":""},"class_list":["post-2143","page","type-page","status-publish","hentry"],"yoast_head":"<!-- This site is optimized with the Yoast SEO plugin v27.5 - https:\/\/yoast.com\/product\/yoast-seo-wordpress\/ -->\n<title>Used car remarketing and vehicle inventory management software | RMS Automotive RMS Privacy Policy - RMSAuto.eu<\/title>\n<meta name=\"robots\" content=\"index, follow, max-snippet:-1, max-image-preview:large, max-video-preview:-1\" \/>\n<link rel=\"canonical\" href=\"https:\/\/rmsautomotive.eu\/es\/politica-de-privacidad\/\" \/>\n<meta property=\"og:locale\" content=\"es_ES\" \/>\n<meta property=\"og:type\" content=\"article\" \/>\n<meta property=\"og:title\" content=\"Used car remarketing and vehicle inventory management software | RMS Automotive RMS Privacy Policy - RMSAuto.eu\" \/>\n<meta property=\"og:description\" content=\"Pol\u00edtica de privacidad Pol\u00edtica de privacidad Nosotros, RMS Automotive formamos parte del grupo de empresas Cox Automotive cuya direcci\u00f3n registrada es Central House, Leeds Road, Rothwell, Leeds, LS26 0JE, Reino Unido, nos tomamos muy en serio la protecci\u00f3n de sus datos personales, incluida la implementaci\u00f3n de todos los pasos razonables para cumplir con leyes de [&hellip;]\" \/>\n<meta property=\"og:url\" content=\"https:\/\/rmsautomotive.eu\/es\/politica-de-privacidad\/\" \/>\n<meta property=\"og:site_name\" content=\"RMS Automotive\" \/>\n<meta property=\"article:modified_time\" content=\"2021-09-08T12:02:49+00:00\" \/>\n<meta name=\"twitter:card\" content=\"summary_large_image\" \/>\n<meta name=\"twitter:label1\" content=\"Tiempo de lectura\" \/>\n\t<meta name=\"twitter:data1\" content=\"7 minutos\" \/>\n<script type=\"application\/ld+json\" class=\"yoast-schema-graph\">{\"@context\":\"https:\\\/\\\/schema.org\",\"@graph\":[{\"@type\":\"WebPage\",\"@id\":\"https:\\\/\\\/rmsautomotive.eu\\\/es\\\/politica-de-privacidad\\\/\",\"url\":\"https:\\\/\\\/rmsautomotive.eu\\\/es\\\/politica-de-privacidad\\\/\",\"name\":\"Used car remarketing and vehicle inventory management software | RMS Automotive RMS Privacy Policy - RMSAuto.eu\",\"isPartOf\":{\"@id\":\"https:\\\/\\\/rmsautomotive.eu\\\/es\\\/#website\"},\"datePublished\":\"2021-07-29T13:45:15+00:00\",\"dateModified\":\"2021-09-08T12:02:49+00:00\",\"breadcrumb\":{\"@id\":\"https:\\\/\\\/rmsautomotive.eu\\\/es\\\/politica-de-privacidad\\\/#breadcrumb\"},\"inLanguage\":\"es\",\"potentialAction\":[{\"@type\":\"ReadAction\",\"target\":[\"https:\\\/\\\/rmsautomotive.eu\\\/es\\\/politica-de-privacidad\\\/\"]}]},{\"@type\":\"BreadcrumbList\",\"@id\":\"https:\\\/\\\/rmsautomotive.eu\\\/es\\\/politica-de-privacidad\\\/#breadcrumb\",\"itemListElement\":[{\"@type\":\"ListItem\",\"position\":1,\"name\":\"Home\",\"item\":\"https:\\\/\\\/rmsautomotive.eu\\\/es\\\/\"},{\"@type\":\"ListItem\",\"position\":2,\"name\":\"Pol\u00edtica de privacidad\"}]},{\"@type\":\"WebSite\",\"@id\":\"https:\\\/\\\/rmsautomotive.eu\\\/es\\\/#website\",\"url\":\"https:\\\/\\\/rmsautomotive.eu\\\/es\\\/\",\"name\":\"RMS Automotive\",\"description\":\"\",\"potentialAction\":[{\"@type\":\"SearchAction\",\"target\":{\"@type\":\"EntryPoint\",\"urlTemplate\":\"https:\\\/\\\/rmsautomotive.eu\\\/es\\\/?s={search_term_string}\"},\"query-input\":{\"@type\":\"PropertyValueSpecification\",\"valueRequired\":true,\"valueName\":\"search_term_string\"}}],\"inLanguage\":\"es\"}]}<\/script>\n<!-- \/ Yoast SEO plugin. -->","yoast_head_json":{"title":"Used car remarketing and vehicle inventory management software | RMS Automotive RMS Privacy Policy - RMSAuto.eu","robots":{"index":"index","follow":"follow","max-snippet":"max-snippet:-1","max-image-preview":"max-image-preview:large","max-video-preview":"max-video-preview:-1"},"canonical":"https:\/\/rmsautomotive.eu\/es\/politica-de-privacidad\/","og_locale":"es_ES","og_type":"article","og_title":"Used car remarketing and vehicle inventory management software | RMS Automotive RMS Privacy Policy - RMSAuto.eu","og_description":"Pol\u00edtica de privacidad Pol\u00edtica de privacidad Nosotros, RMS Automotive formamos parte del grupo de empresas Cox Automotive cuya direcci\u00f3n registrada es Central House, Leeds Road, Rothwell, Leeds, LS26 0JE, Reino Unido, nos tomamos muy en serio la protecci\u00f3n de sus datos personales, incluida la implementaci\u00f3n de todos los pasos razonables para cumplir con leyes de [&hellip;]","og_url":"https:\/\/rmsautomotive.eu\/es\/politica-de-privacidad\/","og_site_name":"RMS Automotive","article_modified_time":"2021-09-08T12:02:49+00:00","twitter_card":"summary_large_image","twitter_misc":{"Tiempo de lectura":"7 minutos"},"schema":{"@context":"https:\/\/schema.org","@graph":[{"@type":"WebPage","@id":"https:\/\/rmsautomotive.eu\/es\/politica-de-privacidad\/","url":"https:\/\/rmsautomotive.eu\/es\/politica-de-privacidad\/","name":"Used car remarketing and vehicle inventory management software | RMS Automotive RMS Privacy Policy - RMSAuto.eu","isPartOf":{"@id":"https:\/\/rmsautomotive.eu\/es\/#website"},"datePublished":"2021-07-29T13:45:15+00:00","dateModified":"2021-09-08T12:02:49+00:00","breadcrumb":{"@id":"https:\/\/rmsautomotive.eu\/es\/politica-de-privacidad\/#breadcrumb"},"inLanguage":"es","potentialAction":[{"@type":"ReadAction","target":["https:\/\/rmsautomotive.eu\/es\/politica-de-privacidad\/"]}]},{"@type":"BreadcrumbList","@id":"https:\/\/rmsautomotive.eu\/es\/politica-de-privacidad\/#breadcrumb","itemListElement":[{"@type":"ListItem","position":1,"name":"Home","item":"https:\/\/rmsautomotive.eu\/es\/"},{"@type":"ListItem","position":2,"name":"Pol\u00edtica de privacidad"}]},{"@type":"WebSite","@id":"https:\/\/rmsautomotive.eu\/es\/#website","url":"https:\/\/rmsautomotive.eu\/es\/","name":"RMS Automotive","description":"","potentialAction":[{"@type":"SearchAction","target":{"@type":"EntryPoint","urlTemplate":"https:\/\/rmsautomotive.eu\/es\/?s={search_term_string}"},"query-input":{"@type":"PropertyValueSpecification","valueRequired":true,"valueName":"search_term_string"}}],"inLanguage":"es"}]}},"_links":{"self":[{"href":"https:\/\/rmsautomotive.eu\/es\/wp-json\/wp\/v2\/pages\/2143","targetHints":{"allow":["GET"]}}],"collection":[{"href":"https:\/\/rmsautomotive.eu\/es\/wp-json\/wp\/v2\/pages"}],"about":[{"href":"https:\/\/rmsautomotive.eu\/es\/wp-json\/wp\/v2\/types\/page"}],"author":[{"embeddable":true,"href":"https:\/\/rmsautomotive.eu\/es\/wp-json\/wp\/v2\/users\/1"}],"replies":[{"embeddable":true,"href":"https:\/\/rmsautomotive.eu\/es\/wp-json\/wp\/v2\/comments?post=2143"}],"version-history":[{"count":9,"href":"https:\/\/rmsautomotive.eu\/es\/wp-json\/wp\/v2\/pages\/2143\/revisions"}],"predecessor-version":[{"id":3259,"href":"https:\/\/rmsautomotive.eu\/es\/wp-json\/wp\/v2\/pages\/2143\/revisions\/3259"}],"wp:attachment":[{"href":"https:\/\/rmsautomotive.eu\/es\/wp-json\/wp\/v2\/media?parent=2143"}],"curies":[{"name":"wp","href":"https:\/\/api.w.org\/{rel}","templated":true}]}}