{"id":3719,"date":"2022-03-14T14:35:32","date_gmt":"2022-03-14T14:35:32","guid":{"rendered":"https:\/\/rmsautomotive.eu\/politica-de-cookies\/"},"modified":"2022-03-14T14:35:33","modified_gmt":"2022-03-14T14:35:33","slug":"politica-de-cookies","status":"publish","type":"page","link":"https:\/\/rmsautomotive.eu\/es\/politica-de-cookies\/","title":{"rendered":"Pol\u00edtica de cookies"},"content":{"rendered":"\t\t<div data-elementor-type=\"wp-page\" data-elementor-id=\"3719\" class=\"elementor elementor-3719 elementor-3692\" data-elementor-post-type=\"page\">\n\t\t\t\t\t\t<section class=\"elementor-section elementor-top-section elementor-element elementor-element-2994280d elementor-section-boxed elementor-section-height-default elementor-section-height-default\" data-id=\"2994280d\" data-element_type=\"section\">\n\t\t\t\t\t\t<div class=\"elementor-container elementor-column-gap-default\">\n\t\t\t\t\t<div class=\"elementor-column elementor-col-100 elementor-top-column elementor-element elementor-element-723909f9\" data-id=\"723909f9\" data-element_type=\"column\">\n\t\t\t<div class=\"elementor-widget-wrap elementor-element-populated\">\n\t\t\t\t\t\t<div class=\"elementor-element elementor-element-35da3b06 elementor-widget elementor-widget-text-editor\" data-id=\"35da3b06\" data-element_type=\"widget\" data-widget_type=\"text-editor.default\">\n\t\t\t\t<div class=\"elementor-widget-container\">\n\t\t\t\t\t\t\t\t\t<div class=\"cli_pg_page_contaner\">\n<h3>Sobre esta pol\u00edtica de cookies.<\/h3>\n<div>Esta Pol\u00edtica de cookies explica qu\u00e9 son las cookies y c\u00f3mo las usamos. Debe leer esta pol\u00edtica para comprender qu\u00e9 son las cookies, c\u00f3mo las usamos, los tipos de cookies que usamos, es decir, la informaci\u00f3n que recopilamos usando cookies y c\u00f3mo se usa esa informaci\u00f3n y c\u00f3mo controlar las preferencias de cookies. Para obtener m\u00e1s informaci\u00f3n sobre c\u00f3mo usamos, almacenamos y mantenemos seguros sus datos personales, consulte nuestra Pol\u00edtica de privacidad.<\/p>\n<p>En cualquier momento puede cambiar o retirar su consentimiento de la Declaraci\u00f3n de cookies en nuestro sitio web.<br \/>\nObtenga m\u00e1s informaci\u00f3n sobre qui\u00e9nes somos, c\u00f3mo puede contactarnos y c\u00f3mo procesamos los datos personales en nuestra Pol\u00edtica de privacidad.<br \/>\nSu consentimiento se aplica a los siguientes dominios: rmsautomotive.eu<br \/>\n<div class=\"wt-cli-element cli_user_consent_state\"><\/div><\/p><\/div>\n<h3>\u00bfQu\u00e9 son las galletas?<\/h3>\n<div>Las cookies son peque\u00f1os archivos de texto que se utilizan para almacenar peque\u00f1os fragmentos de informaci\u00f3n. Las cookies se almacenan en su dispositivo cuando el sitio web se carga en su navegador. Estas cookies nos ayudan a hacer que el sitio web funcione correctamente, hacer que el sitio web sea m\u00e1s seguro, brindar una mejor experiencia de usuario y comprender c\u00f3mo funciona el sitio web y analizar qu\u00e9 funciona y d\u00f3nde necesita mejorar.<\/div>\n<h3>C\u00f3mo usamos las cookies ?<\/h3>\n<div>Como la mayor\u00eda de los servicios en l\u00ednea, nuestro sitio web utiliza cookies propias y de terceros para una serie de prop\u00f3sitos. Las cookies de origen son en su mayor\u00eda necesarias para que el sitio web funcione correctamente y no recopilan ninguno de sus datos de identificaci\u00f3n personal.<\/p>\n<p>Las cookies de terceros utilizadas en nuestros sitios web se utilizan principalmente para comprender c\u00f3mo funciona el sitio web, c\u00f3mo interact\u00faa con nuestro sitio web, mantener nuestros servicios seguros, proporcionar anuncios que son relevantes para usted y, en general, brindarle una mejor y mejorada experiencia de usuario y ayudar a acelerar sus futuras interacciones con nuestro sitio web.<\/p><\/div>\n<h3>\u00bfQu\u00e9 tipos de cookies utilizamos?<\/h3>\n<div>Las cookies utilizadas en nuestro sitio web se agrupan en las siguientes categor\u00edas.<div class=\"wt-cli-element cli_cookie_category_single\"><div class=\"cli_cookie_category_single\"><h5 class=\"cli_cookie_category_single_hd\">Necesario<\/h5><div class=\"cli_cookie_category_single_description\"><p>Las cookies necesarias son absolutamente esenciales para que el sitio web funcione correctamente. Estas cookies garantizan funcionalidades b\u00e1sicas y caracter\u00edsticas de seguridad del sitio web, de forma an\u00f3nima.\n<table class=\"wt-cli-element cookielawinfo-row-cat-table cookielawinfo-winter\"><thead><tr><th scope=\"col\" class=\"cookielawinfo-column-1\">Cookie<\/th><th scope=\"col\" class=\"cookielawinfo-column-3\">Duraci\u00f3n<\/th><th scope=\"col\" class=\"cookielawinfo-column-4\">Descripci\u00f3n<\/th><\/tr><\/thead><tbody><tr class=\"cookielawinfo-row\"><td class=\"cookielawinfo-column-1\">cookielawinfo-checkbox-advertisement<\/td><td class=\"cookielawinfo-column-3\"><\/td><td class=\"cookielawinfo-column-4\">Establecida por el complemento de consentimiento de cookies de GDPR, esta cookie se utiliza para registrar el consentimiento del usuario para las cookies en la categor\u00eda \u00abPublicidad\u00bb.<\/td><\/tr><tr class=\"cookielawinfo-row\"><td class=\"cookielawinfo-column-1\">cookielawinfo-checkbox-analytics<\/td><td class=\"cookielawinfo-column-3\"><\/td><td class=\"cookielawinfo-column-4\">Esta cookie est\u00e1 configurada por el complemento de consentimiento de cookies de GDPR. La cookie se utiliza para almacenar el consentimiento del usuario para las cookies en la categor\u00eda \u00abAn\u00e1lisis\u00bb.<\/td><\/tr><tr class=\"cookielawinfo-row\"><td class=\"cookielawinfo-column-1\">cookielawinfo-checkbox-functional<\/td><td class=\"cookielawinfo-column-3\"><\/td><td class=\"cookielawinfo-column-4\">La cookie est\u00e1 configurada por el consentimiento de cookies de GDPR para registrar el consentimiento del usuario para las cookies en la categor\u00eda \u00abFuncional\u00bb.<\/td><\/tr><tr class=\"cookielawinfo-row\"><td class=\"cookielawinfo-column-1\">cookielawinfo-checkbox-necessary<\/td><td class=\"cookielawinfo-column-3\"><\/td><td class=\"cookielawinfo-column-4\">Esta cookie est\u00e1 configurada por el complemento de consentimiento de cookies de GDPR. Las cookies se utilizan para almacenar el consentimiento del usuario para las cookies en la categor\u00eda \u00abNecesarias\u00bb.<\/td><\/tr><tr class=\"cookielawinfo-row\"><td class=\"cookielawinfo-column-1\">cookielawinfo-checkbox-others<\/td><td class=\"cookielawinfo-column-3\"><\/td><td class=\"cookielawinfo-column-4\">Esta cookie est\u00e1 configurada por el complemento de consentimiento de cookies de GDPR. La cookie se utiliza para almacenar el consentimiento del usuario para las cookies en la categor\u00eda \u00abOtro\u00bb.<\/td><\/tr><tr class=\"cookielawinfo-row\"><td class=\"cookielawinfo-column-1\">cookielawinfo-checkbox-performance<\/td><td class=\"cookielawinfo-column-3\"><\/td><td class=\"cookielawinfo-column-4\">Esta cookie est\u00e1 configurada por el complemento de consentimiento de cookies de GDPR. La cookie se utiliza para almacenar el consentimiento del usuario para las cookies en la categor\u00eda \u00abRendimiento\u00bb.<\/td><\/tr><tr class=\"cookielawinfo-row\"><td class=\"cookielawinfo-column-1\">elementor<\/td><td class=\"cookielawinfo-column-3\"><\/td><td class=\"cookielawinfo-column-4\">Esta cookie es utilizada por el tema de WordPress del sitio web. Permite al propietario del sitio web implementar o cambiar el contenido del sitio web en tiempo real.<\/td><\/tr><tr class=\"cookielawinfo-row\"><td class=\"cookielawinfo-column-1\">preferencia_cli_usuario<\/td><td class=\"cookielawinfo-column-3\"><\/td><td class=\"cookielawinfo-column-4\">La cookie est\u00e1 configurada por el complemento de consentimiento de cookies de GDPR y se utiliza para almacenar si un usuario ha dado su consentimiento o no para el uso de categor\u00edas espec\u00edficas de cookies. No almacena ning\u00fan dato personal.<\/td><\/tr><tr class=\"cookielawinfo-row\"><td class=\"cookielawinfo-column-1\">viewed_cookie_policy<\/td><td class=\"cookielawinfo-column-3\"><\/td><td class=\"cookielawinfo-column-4\">La cookie est\u00e1 configurada por el complemento de consentimiento de cookies de GDPR y se utiliza para almacenar si el usuario ha dado su consentimiento o no para el uso de cookies. No almacena ning\u00fan dato personal.<\/td><\/tr><\/tbody><\/table><\/p><\/div><\/div><div class=\"cli_cookie_category_single\"><h5 class=\"cli_cookie_category_single_hd\">Funcional<\/h5><div class=\"cli_cookie_category_single_description\"><p>Las cookies funcionales ayudan a realizar ciertas funcionalidades como compartir el contenido del sitio web en las plataformas de las redes sociales, recoger opiniones y otras caracter\u00edsticas de terceros.<\/p><\/div><\/div><div class=\"cli_cookie_category_single\"><h5 class=\"cli_cookie_category_single_hd\">Rendimiento<\/h5><div class=\"cli_cookie_category_single_description\"><p>Las cookies de rendimiento se utilizan para entender y analizar c\u00f3mo interact\u00faan los visitantes y los \u00edndices clave de rendimiento del sitio web, lo que ayuda a ofrecer una mejor experiencia de usuario a los visitantes.   <\/p><\/div><\/div><div class=\"cli_cookie_category_single\"><h5 class=\"cli_cookie_category_single_hd\">Anal\u00edtica<\/h5><div class=\"cli_cookie_category_single_description\"><p>Las cookies anal\u00edticas se utilizan para comprender c\u00f3mo los visitantes interact\u00faan con el sitio web. Estas cookies ayudan a proporcionar informaci\u00f3n sobre m\u00e9tricas, el n\u00famero de visitantes, la tasa de rebote, la fuente de tr\u00e1fico, etc.\r\n<table class=\"wt-cli-element cookielawinfo-row-cat-table cookielawinfo-winter\"><thead><tr><th scope=\"col\" class=\"cookielawinfo-column-1\">Cookie<\/th><th scope=\"col\" class=\"cookielawinfo-column-3\">Duraci\u00f3n<\/th><th scope=\"col\" class=\"cookielawinfo-column-4\">Descripci\u00f3n<\/th><\/tr><\/thead><tbody><tr class=\"cookielawinfo-row\"><td class=\"cookielawinfo-column-1\">_ga<\/td><td class=\"cookielawinfo-column-3\"><\/td><td class=\"cookielawinfo-column-4\">La cookie _ga, instalada por Google Analytics, calcula los datos de visitantes, sesiones y campa\u00f1as y tambi\u00e9n realiza un seguimiento del uso del sitio para el informe de an\u00e1lisis del sitio. La cookie almacena informaci\u00f3n de forma an\u00f3nima y asigna un n\u00famero generado aleatoriamente para reconocer visitantes \u00fanicos.<\/td><\/tr><tr class=\"cookielawinfo-row\"><td class=\"cookielawinfo-column-1\">_ga_YKJPDJ86VJ<\/td><td class=\"cookielawinfo-column-3\"><\/td><td class=\"cookielawinfo-column-4\">Esta cookie es instalada por Google Analytics.<\/td><\/tr><tr class=\"cookielawinfo-row\"><td class=\"cookielawinfo-column-1\">_gat_UA-204706017-1<\/td><td class=\"cookielawinfo-column-3\"><\/td><td class=\"cookielawinfo-column-4\">Una variaci\u00f3n de la cookie _gat establecida por Google Analytics y Google Tag Manager para permitir a los propietarios de sitios web rastrear el comportamiento de los visitantes y medir el rendimiento del sitio. El elemento de patr\u00f3n en el nombre contiene el n\u00famero de identidad \u00fanico de la cuenta o sitio web con el que se relaciona.<\/td><\/tr><tr class=\"cookielawinfo-row\"><td class=\"cookielawinfo-column-1\">_gid<\/td><td class=\"cookielawinfo-column-3\"><\/td><td class=\"cookielawinfo-column-4\">Instalada por Google Analytics, la cookie _gid almacena informaci\u00f3n sobre c\u00f3mo los visitantes usan un sitio web, al mismo tiempo que crea un informe anal\u00edtico del rendimiento del sitio web. Algunos de los datos que se recopilan incluyen el n\u00famero de visitantes, su fuente y las p\u00e1ginas que visitan de forma an\u00f3nima.<\/td><\/tr><tr class=\"cookielawinfo-row\"><td class=\"cookielawinfo-column-1\">CONSENT<\/td><td class=\"cookielawinfo-column-3\"><\/td><td class=\"cookielawinfo-column-4\">YouTube establece esta cookie a trav\u00e9s de videos de youtube incrustados y registra datos estad\u00edsticos an\u00f3nimos.<\/td><\/tr><tr class=\"cookielawinfo-row\"><td class=\"cookielawinfo-column-1\">vuid<\/td><td class=\"cookielawinfo-column-3\"><\/td><td class=\"cookielawinfo-column-4\">Vimeo instala esta cookie para recopilar informaci\u00f3n de seguimiento estableciendo una identificaci\u00f3n \u00fanica para insertar videos en el sitio web.<\/td><\/tr><\/tbody><\/table><\/p><\/div><\/div><div class=\"cli_cookie_category_single\"><h5 class=\"cli_cookie_category_single_hd\">Anuncio publicitario<\/h5><div class=\"cli_cookie_category_single_description\"><p>Las cookies publicitarias se utilizan para proporcionar a los visitantes anuncios y campa\u00f1as de marketing relevantes. Estas cookies rastrean a los visitantes en los sitios web y recopilan informaci\u00f3n para proporcionar anuncios personalizados.\n<table class=\"wt-cli-element cookielawinfo-row-cat-table cookielawinfo-winter\"><thead><tr><th scope=\"col\" class=\"cookielawinfo-column-1\">Cookie<\/th><th scope=\"col\" class=\"cookielawinfo-column-3\">Duraci\u00f3n<\/th><th scope=\"col\" class=\"cookielawinfo-column-4\">Descripci\u00f3n<\/th><\/tr><\/thead><tbody><tr class=\"cookielawinfo-row\"><td class=\"cookielawinfo-column-1\">YSC<\/td><td class=\"cookielawinfo-column-3\"><\/td><td class=\"cookielawinfo-column-4\">Youtube establece la cookie YSC y se utiliza para rastrear las vistas de videos incrustados en las p\u00e1ginas de Youtube.<\/td><\/tr><tr class=\"cookielawinfo-row\"><td class=\"cookielawinfo-column-1\">yt-remote-connected-devices<\/td><td class=\"cookielawinfo-column-3\"><\/td><td class=\"cookielawinfo-column-4\">YouTube establece esta cookie para almacenar las preferencias de video del usuario que usa el video incrustado de YouTube.<\/td><\/tr><tr class=\"cookielawinfo-row\"><td class=\"cookielawinfo-column-1\">yt-remote-device-id<\/td><td class=\"cookielawinfo-column-3\"><\/td><td class=\"cookielawinfo-column-4\">YouTube establece esta cookie para almacenar las preferencias de video del usuario que usa el video incrustado de YouTube.<\/td><\/tr><\/tbody><\/table><\/p><\/div><\/div><div class=\"cli_cookie_category_single\"><h5 class=\"cli_cookie_category_single_hd\">Otros<\/h5><div class=\"cli_cookie_category_single_description\"><p>Otras cookies no categorizadas son aquellas que est\u00e1n siendo analizadas y que a\u00fan no han sido clasificadas en una categor\u00eda.<\/p><\/div><\/div><div class=\"cli_cookie_category_single\"><h5 class=\"cli_cookie_category_single_hd\">CookieLawInfoConsent<\/h5><div class=\"cli_cookie_category_single_description\"><p><\/p><\/div><\/div><\/div>&nbsp;<\/div>\n<h3>\u00bfC\u00f3mo puedo controlar las preferencias de cookies?<\/h3>\n<div>Puede administrar sus preferencias de cookies haciendo clic en el bot\u00f3n \u00abConfiguraci\u00f3n\u00bb y habilitando o deshabilitando las categor\u00edas de cookies en la ventana emergente seg\u00fan sus preferencias.<\/p>\n<p>Si decide cambiar sus preferencias m\u00e1s tarde a trav\u00e9s de su sesi\u00f3n de navegaci\u00f3n, puede hacer clic en la pesta\u00f1a \u00abPol\u00edtica de privacidad y cookies\u00bb en su pantalla. Esto mostrar\u00e1 el aviso de consentimiento nuevamente, lo que le permitir\u00e1 cambiar sus preferencias o retirar su consentimiento por completo.<\/p>\n<p>Adem\u00e1s de esto, los diferentes navegadores brindan diferentes m\u00e9todos para bloquear y eliminar las cookies utilizadas por los sitios web. Puede cambiar la configuraci\u00f3n de su navegador para bloquear\/eliminar las cookies. Para obtener m\u00e1s informaci\u00f3n sobre c\u00f3mo administrar y eliminar cookies, visite wikipedia.org, www.allaboutcookies.org.<\/p><\/div>\n<p class=\"wt-cli-element\" style=\"color:#333; clear:both; font-style:italic; font-size:12px; margin-top:15px;\">Powered By <a href=\"https:\/\/www.webtoffee.com\/\" style=\"color:#333; font-weight:600; font-size:12px;\">WebToffee<\/a><\/p><\/div>\n\t\t\t\t\t\t\t\t<\/div>\n\t\t\t\t<\/div>\n\t\t\t\t\t<\/div>\n\t\t<\/div>\n\t\t\t\t\t<\/div>\n\t\t<\/section>\n\t\t\t\t<\/div>\n\t\t","protected":false},"excerpt":{"rendered":"<p>Sobre esta pol\u00edtica de cookies. Esta Pol\u00edtica de cookies explica qu\u00e9 son las cookies y c\u00f3mo las usamos. Debe leer esta pol\u00edtica para comprender qu\u00e9 son las cookies, c\u00f3mo las usamos, los tipos de cookies que usamos, es decir, la informaci\u00f3n que recopilamos usando cookies y c\u00f3mo se usa esa informaci\u00f3n y c\u00f3mo controlar las [&hellip;]<\/p>\n","protected":false},"author":3,"featured_media":0,"parent":0,"menu_order":0,"comment_status":"closed","ping_status":"closed","template":"","meta":{"footnotes":""},"class_list":["post-3719","page","type-page","status-publish","hentry"],"yoast_head":"<!-- This site is optimized with the Yoast SEO plugin v27.4 - https:\/\/yoast.com\/product\/yoast-seo-wordpress\/ -->\n<title>Pol\u00edtica de cookies - RMS Automotive<\/title>\n<meta name=\"robots\" content=\"index, follow, max-snippet:-1, max-image-preview:large, max-video-preview:-1\" \/>\n<link rel=\"canonical\" href=\"https:\/\/rmsautomotive.eu\/es\/politica-de-cookies\/\" \/>\n<meta property=\"og:locale\" content=\"es_ES\" \/>\n<meta property=\"og:type\" content=\"article\" \/>\n<meta property=\"og:title\" content=\"Pol\u00edtica de cookies - RMS Automotive\" \/>\n<meta property=\"og:description\" content=\"Sobre esta pol\u00edtica de cookies. Esta Pol\u00edtica de cookies explica qu\u00e9 son las cookies y c\u00f3mo las usamos. Debe leer esta pol\u00edtica para comprender qu\u00e9 son las cookies, c\u00f3mo las usamos, los tipos de cookies que usamos, es decir, la informaci\u00f3n que recopilamos usando cookies y c\u00f3mo se usa esa informaci\u00f3n y c\u00f3mo controlar las [&hellip;]\" \/>\n<meta property=\"og:url\" content=\"https:\/\/rmsautomotive.eu\/es\/politica-de-cookies\/\" \/>\n<meta property=\"og:site_name\" content=\"RMS Automotive\" \/>\n<meta property=\"article:modified_time\" content=\"2022-03-14T14:35:33+00:00\" \/>\n<meta name=\"twitter:card\" content=\"summary_large_image\" \/>\n<meta name=\"twitter:label1\" content=\"Tiempo de lectura\" \/>\n\t<meta name=\"twitter:data1\" content=\"3 minutos\" \/>\n<script type=\"application\/ld+json\" class=\"yoast-schema-graph\">{\"@context\":\"https:\\\/\\\/schema.org\",\"@graph\":[{\"@type\":\"WebPage\",\"@id\":\"https:\\\/\\\/rmsautomotive.eu\\\/es\\\/politica-de-cookies\\\/\",\"url\":\"https:\\\/\\\/rmsautomotive.eu\\\/es\\\/politica-de-cookies\\\/\",\"name\":\"Pol\u00edtica de cookies - RMS Automotive\",\"isPartOf\":{\"@id\":\"https:\\\/\\\/rmsautomotive.eu\\\/es\\\/#website\"},\"datePublished\":\"2022-03-14T14:35:32+00:00\",\"dateModified\":\"2022-03-14T14:35:33+00:00\",\"breadcrumb\":{\"@id\":\"https:\\\/\\\/rmsautomotive.eu\\\/es\\\/politica-de-cookies\\\/#breadcrumb\"},\"inLanguage\":\"es\",\"potentialAction\":[{\"@type\":\"ReadAction\",\"target\":[\"https:\\\/\\\/rmsautomotive.eu\\\/es\\\/politica-de-cookies\\\/\"]}]},{\"@type\":\"BreadcrumbList\",\"@id\":\"https:\\\/\\\/rmsautomotive.eu\\\/es\\\/politica-de-cookies\\\/#breadcrumb\",\"itemListElement\":[{\"@type\":\"ListItem\",\"position\":1,\"name\":\"Home\",\"item\":\"https:\\\/\\\/rmsautomotive.eu\\\/es\\\/\"},{\"@type\":\"ListItem\",\"position\":2,\"name\":\"Pol\u00edtica de cookies\"}]},{\"@type\":\"WebSite\",\"@id\":\"https:\\\/\\\/rmsautomotive.eu\\\/es\\\/#website\",\"url\":\"https:\\\/\\\/rmsautomotive.eu\\\/es\\\/\",\"name\":\"RMS Automotive\",\"description\":\"\",\"potentialAction\":[{\"@type\":\"SearchAction\",\"target\":{\"@type\":\"EntryPoint\",\"urlTemplate\":\"https:\\\/\\\/rmsautomotive.eu\\\/es\\\/?s={search_term_string}\"},\"query-input\":{\"@type\":\"PropertyValueSpecification\",\"valueRequired\":true,\"valueName\":\"search_term_string\"}}],\"inLanguage\":\"es\"}]}<\/script>\n<!-- \/ Yoast SEO plugin. -->","yoast_head_json":{"title":"Pol\u00edtica de cookies - RMS Automotive","robots":{"index":"index","follow":"follow","max-snippet":"max-snippet:-1","max-image-preview":"max-image-preview:large","max-video-preview":"max-video-preview:-1"},"canonical":"https:\/\/rmsautomotive.eu\/es\/politica-de-cookies\/","og_locale":"es_ES","og_type":"article","og_title":"Pol\u00edtica de cookies - RMS Automotive","og_description":"Sobre esta pol\u00edtica de cookies. Esta Pol\u00edtica de cookies explica qu\u00e9 son las cookies y c\u00f3mo las usamos. Debe leer esta pol\u00edtica para comprender qu\u00e9 son las cookies, c\u00f3mo las usamos, los tipos de cookies que usamos, es decir, la informaci\u00f3n que recopilamos usando cookies y c\u00f3mo se usa esa informaci\u00f3n y c\u00f3mo controlar las [&hellip;]","og_url":"https:\/\/rmsautomotive.eu\/es\/politica-de-cookies\/","og_site_name":"RMS Automotive","article_modified_time":"2022-03-14T14:35:33+00:00","twitter_card":"summary_large_image","twitter_misc":{"Tiempo de lectura":"3 minutos"},"schema":{"@context":"https:\/\/schema.org","@graph":[{"@type":"WebPage","@id":"https:\/\/rmsautomotive.eu\/es\/politica-de-cookies\/","url":"https:\/\/rmsautomotive.eu\/es\/politica-de-cookies\/","name":"Pol\u00edtica de cookies - RMS Automotive","isPartOf":{"@id":"https:\/\/rmsautomotive.eu\/es\/#website"},"datePublished":"2022-03-14T14:35:32+00:00","dateModified":"2022-03-14T14:35:33+00:00","breadcrumb":{"@id":"https:\/\/rmsautomotive.eu\/es\/politica-de-cookies\/#breadcrumb"},"inLanguage":"es","potentialAction":[{"@type":"ReadAction","target":["https:\/\/rmsautomotive.eu\/es\/politica-de-cookies\/"]}]},{"@type":"BreadcrumbList","@id":"https:\/\/rmsautomotive.eu\/es\/politica-de-cookies\/#breadcrumb","itemListElement":[{"@type":"ListItem","position":1,"name":"Home","item":"https:\/\/rmsautomotive.eu\/es\/"},{"@type":"ListItem","position":2,"name":"Pol\u00edtica de cookies"}]},{"@type":"WebSite","@id":"https:\/\/rmsautomotive.eu\/es\/#website","url":"https:\/\/rmsautomotive.eu\/es\/","name":"RMS Automotive","description":"","potentialAction":[{"@type":"SearchAction","target":{"@type":"EntryPoint","urlTemplate":"https:\/\/rmsautomotive.eu\/es\/?s={search_term_string}"},"query-input":{"@type":"PropertyValueSpecification","valueRequired":true,"valueName":"search_term_string"}}],"inLanguage":"es"}]}},"_links":{"self":[{"href":"https:\/\/rmsautomotive.eu\/es\/wp-json\/wp\/v2\/pages\/3719","targetHints":{"allow":["GET"]}}],"collection":[{"href":"https:\/\/rmsautomotive.eu\/es\/wp-json\/wp\/v2\/pages"}],"about":[{"href":"https:\/\/rmsautomotive.eu\/es\/wp-json\/wp\/v2\/types\/page"}],"author":[{"embeddable":true,"href":"https:\/\/rmsautomotive.eu\/es\/wp-json\/wp\/v2\/users\/3"}],"replies":[{"embeddable":true,"href":"https:\/\/rmsautomotive.eu\/es\/wp-json\/wp\/v2\/comments?post=3719"}],"version-history":[{"count":3,"href":"https:\/\/rmsautomotive.eu\/es\/wp-json\/wp\/v2\/pages\/3719\/revisions"}],"predecessor-version":[{"id":3722,"href":"https:\/\/rmsautomotive.eu\/es\/wp-json\/wp\/v2\/pages\/3719\/revisions\/3722"}],"wp:attachment":[{"href":"https:\/\/rmsautomotive.eu\/es\/wp-json\/wp\/v2\/media?parent=3719"}],"curies":[{"name":"wp","href":"https:\/\/api.w.org\/{rel}","templated":true}]}}