{"id":2141,"date":"2021-07-29T14:45:01","date_gmt":"2021-07-29T13:45:01","guid":{"rendered":"https:\/\/rmsautomotive.eu\/politica-sulla-riservatezza\/"},"modified":"2021-09-08T13:10:44","modified_gmt":"2021-09-08T12:10:44","slug":"politica-sulla-riservatezza","status":"publish","type":"page","link":"https:\/\/rmsautomotive.eu\/it\/politica-sulla-riservatezza\/","title":{"rendered":"politica sulla riservatezza"},"content":{"rendered":"\t\t<div data-elementor-type=\"wp-page\" data-elementor-id=\"2141\" class=\"elementor elementor-2141 elementor-626\" data-elementor-post-type=\"page\">\n\t\t\t\t\t\t<section class=\"elementor-section elementor-top-section elementor-element elementor-element-75560b6a elementor-section-content-middle elementor-section-boxed elementor-section-height-default elementor-section-height-default\" data-id=\"75560b6a\" data-element_type=\"section\">\n\t\t\t\t\t\t<div class=\"elementor-container elementor-column-gap-no\">\n\t\t\t\t\t<div class=\"elementor-column elementor-col-100 elementor-top-column elementor-element elementor-element-5ee56c6a\" data-id=\"5ee56c6a\" data-element_type=\"column\">\n\t\t\t<div class=\"elementor-widget-wrap elementor-element-populated\">\n\t\t\t\t\t\t<div class=\"elementor-element elementor-element-35c331b elementor-widget elementor-widget-heading\" data-id=\"35c331b\" data-element_type=\"widget\" data-widget_type=\"heading.default\">\n\t\t\t\t<div class=\"elementor-widget-container\">\n\t\t\t\t\t<h1 class=\"elementor-heading-title elementor-size-default\">politica sulla riservatezza<\/h1>\t\t\t\t<\/div>\n\t\t\t\t<\/div>\n\t\t\t\t<div class=\"elementor-element elementor-element-87f96cc elementor-widget elementor-widget-text-editor\" data-id=\"87f96cc\" data-element_type=\"widget\" data-widget_type=\"text-editor.default\">\n\t\t\t\t<div class=\"elementor-widget-container\">\n\t\t\t\t\t\t\t\t\t<div class=\"page-top-header\">\n<div class=\"container\"> <\/div>\n<\/div>\n<section class=\"\">\n<div class=\"container\">\n<div>\n<p>Noi, RMS Automotive, facciamo parte del gruppo di societ\u00e0 Cox Automotive la cui sede legale \u00e8 Central House, Leeds Road, Rothwell, Leeds, LS26 0JE, Regno Unito prendiamo sul serio la protezione dei tuoi dati personali, inclusa l&#8217;implementazione di tutte le misure ragionevoli per rispettare leggi applicabili sulla protezione dei dati. La seguente spiegazione fornisce una panoramica delle informazioni raccolte su questo sito Web, comprese le informazioni che possono costituire i tuoi dati personali.<\/p>\n<p>Si prega di leggere attentamente questa politica. Visitando il nostro sito Web riconosci e accetti le pratiche descritte nella presente Informativa sulla privacy.<\/p>\n<p>Ai fini della legge sulla protezione dei dati applicabile, RMS \u00e8 il titolare del trattamento di tutti i dati personali raccolti dall&#8217;utente su questo sito web.<\/p>\n<h2>Informazioni raccolte automaticamente su questo sito web<\/h2>\n<p>Raccogliamo e memorizziamo automaticamente le informazioni nei file di registro del nostro server, che riceviamo dal tuo browser. Ci\u00f2 comprende:<\/p>\n<ul>\n<li>Tipo e versione di Bowser<\/li>\n<li>Il sistema operativo utilizzato<\/li>\n<li>Impostazioni di risoluzione e profondit\u00e0 del colore<\/li>\n<li>URL di riferimento (la pagina web visitata in precedenza, se applicabile)<\/li>\n<li>Nome host\/indirizzo IP del computer che accede<\/li>\n<li>Ora e data della richiesta al server<\/li>\n<\/ul>\n<h2>Informazioni fornite<\/h2>\n<p>Utilizzando il nostro sito Web, puoi fornirci volontariamente dati personali nei seguenti modi:<\/p>\n<ul>\n<li>compilando moduli sul nostro sito Web (ad esempio, il nostro modulo &#8220;Registrati per ricevere aggiornamenti direttamente nella tua casella di posta&#8221;); o<\/li>\n<li>corrispondendo con noi per telefono, e-mail o in altro modo utilizzando i dettagli di contatto forniti sul nostro sito web.<\/li>\n<\/ul>\n<p>In genere, i dati personali che ci fornisci possono includere il tuo nome, indirizzo, indirizzo e-mail, numero di telefono e qualsiasi dettaglio personale necessario per risolvere la tua richiesta o reclamo.<\/p>\n<h2>Utilizzo dei dati personali<\/h2>\n<p>Quella che segue \u00e8 una panoramica dei nostri scopi per l&#8217;utilizzo dei dati personali. Si prega di ricordare che ulteriori informazioni possono essere fornite di volta in volta in un avviso separato.<\/p>\n<p>Tutto il trattamento (cio\u00e8 l&#8217;uso) dei tuoi dati personali \u00e8 giustificato da una &#8220;base legale&#8221; per l&#8217;elaborazione. Nella maggior parte dei casi, il trattamento sar\u00e0 giustificato sulla base che:<\/p>\n<ul>\n<li>hai acconsentito al trattamento (es. quando ti iscrivi agli aggiornamenti via email);<\/li>\n<li>il trattamento \u00e8 necessario per noi per adempiere a un obbligo legale pertinente; o<\/li>\n<li>il trattamento \u00e8 nei nostri legittimi interessi commerciali, soggetti ai tuoi interessi e diritti fondamentali (ad es. il nostro uso di tecnologie di analisi come descritto di seguito).<\/li>\n<\/ul>\n<p>Utilizziamo i dati personali che raccogliamo per:<\/p>\n<ul>\n<li>migliorare il nostro sito Web e i nostri servizi in generale;<\/li>\n<li>personalizzare il nostro sito Web in base alle esigenze degli utenti;<\/li>\n<li>corrispondere con gli utenti per risolvere le loro domande o reclami;<\/li>\n<li>fornirti tutti i servizi richiesti; e<\/li>\n<li>inviarti comunicazioni di marketing (ad es. i nostri aggiornamenti e-mail), laddove sia lecito per noi farlo.<\/li>\n<\/ul>\n<h2>Divulgazione dei dati personali<\/h2>\n<p>RMS fa parte del gruppo globale di societ\u00e0 Cox Automotive e di tanto in tanto sar\u00e0 necessario trasferire le tue informazioni tra i nostri uffici all&#8217;estero e le nostre attivit\u00e0 affiliate. Potremmo anche nominare fornitori di servizi di terze parti (che opereranno secondo le nostre istruzioni) per assisterci nella fornitura di informazioni o servizi o per gestire e migliorare il sito Web, e queste terze parti potrebbero aver bisogno di accedere ai tuoi dati personali.<\/p>\n<p>In relazione sia ai trasferimenti interni che all&#8217;uso dei fornitori di servizi, se i dati personali vengono trasferiti al di fuori del SEE, adotteremo misure per garantire che le informazioni ricevano lo stesso livello di protezione come se fossero rimasti all&#8217;interno del SEE, anche inserendo il trasferimento dei dati accordi, utilizzando le clausole contrattuali standard approvate dalla Commissione UE, o facendo affidamento su schemi di certificazione come lo Scudo UE \u2013 USA per la privacy. Hai diritto ai dettagli del meccanismo in base al quale i tuoi dati vengono trasferiti al di fuori del SEE.<\/p>\n<p>Potremmo condividere i tuoi dati personali con terze parti se noi, o sostanzialmente tutti i nostri beni o le relative societ\u00e0 affiliate vengono acquisiti da una terza parte, nel qual caso i dati personali da noi detenuti sui nostri utenti potrebbero essere uno dei beni trasferiti.<\/p>\n<p>Risponderemo anche alle richieste di informazioni ove richiesto dalla legge, o quando riteniamo che la divulgazione sia necessaria per proteggere i nostri diritti e\/o ottemperare a un procedimento giudiziario, ordine del tribunale, richiesta di un&#8217;autorit\u00e0 di regolamentazione o qualsiasi altro procedimento legale servito su di noi.<\/p>\n<h2>Cookie e tecnologia correlata<\/h2>\n<p>Un cookie \u00e8 un piccolo file che pu\u00f2 essere posizionato sul disco rigido del tuo dispositivo o sul server di un sito web. Utilizziamo i cookie per ottenere alcune delle informazioni raccolte automaticamente sopra descritte. La maggior parte dei browser raccoglie automaticamente i cookie ma non \u00e8 necessario accettare un cookie e puoi infatti modificare il tuo browser in modo che non accetti i cookie. Per ulteriori informazioni sui cookie, incluso come impostare il browser Internet per rifiutare i cookie, vai a<a href=\"http:\/\/www.allaboutcookies.org\/\"> www.allaboutcookies.org<\/a> .<\/p>\n<p>I nostri usi specifici dei cookie e della tecnologia correlata sono i seguenti:<\/p>\n<table>\n<tbody>\n<tr>\n<td>Nome<\/td>\n<td> Che cosa fa?<\/td>\n<td> Come posso saperne di pi\u00f9?<\/td>\n<\/tr>\n<tr>\n<td>statistiche di Google<\/td>\n<td>Ci\u00f2 consente ai nostri clienti di misurare il modo in cui interagisci con il contenuto sui loro siti Web, ad esempio, su quali pagine fai clic, cosa guardi in una pagina. Ulteriori informazioni su Google Analytics sono fornite di seguito.<\/td>\n<td><a href=\"https:\/\/developers.google.com\/analytics\/devguides\/collection\/analyticsjs\/cookie-usage\" target=\"_blank\" rel=\"noopener\">Informazioni sui cookie di Google Analytics<\/a><\/td>\n<\/tr>\n<\/tbody>\n<\/table>\n<h2>Ulteriori informazioni su Google Analytics<\/h2>\n<p>Questo sito web utilizza Google Analytics, un servizio di analisi web di Google Inc. (&#8220;Google&#8221;). Google Analytics utilizza i cookie che acquisiscono informazioni (compreso il tuo indirizzo IP) che vengono inviate a un server di Google situato negli Stati Uniti e ivi memorizzate. Google utilizzer\u00e0 queste informazioni per valutare l&#8217;utilizzo del sito Web al fine di compilare per noi rapporti sulle attivit\u00e0 del sito Web. Google pu\u00f2 anche trasmettere queste informazioni a terzi, se ci\u00f2 \u00e8 richiesto dalla legge o se questi terzi devono elaborare questi dati su istruzione di Google. In nessun caso Google metter\u00e0 il tuo indirizzo IP in collegamento con altri dati di Google.<\/p>\n<p>Consulta i Termini e condizioni di Google come disponibili in:<a href=\"http:\/\/www.google.com\/analytics\/de-DE\/tox.html\"> http:\/\/www.google.com\/analytics\/de-DE\/tox.html<\/a><\/p>\n<p>Si prega di prendere in considerazione l&#8217;Informativa sulla privacy di Google:<a href=\"https:\/\/www.google.com\/intl\/de\/privacypolicy.html#information\" target=\"_blank\" rel=\"noopener\"> https:\/\/www.google.com\/intl\/de\/privacypolicy.html#information<\/a><\/p>\n<p>La raccolta dei dati e l&#8217;archiviazione possono essere oggetto di opposizione in qualsiasi momento<a href=\"http:\/\/tools.google.com\/dlpage\/gaoptout?hl=de\"> http:\/\/tools.google.com\/dlpage\/gaoptout?hl=de<\/a><\/p>\n<h2>Sicurezza<\/h2>\n<p>Utilizziamo tecniche di archiviazione e sicurezza dei dati per proteggere i tuoi dati personali da accessi non autorizzati, uso o divulgazione impropri, modifiche non autorizzate o distruzione illecita o perdita accidentale. Tuttavia, \u00e8 importante ricordare che nessun sito Web pu\u00f2 essere sicuro al 100% e non possiamo essere ritenuti responsabili per accessi non autorizzati o non intenzionali che sfuggono al nostro controllo.<\/p>\n<h2>Conservazione delle tue informazioni<\/h2>\n<p>Applichiamo una regola generale di conservazione dei dati personali solo per il tempo necessario a soddisfare gli scopi per i quali sono stati raccolti. Tuttavia, in alcune circostanze potremmo conservare i dati personali per periodi di tempo pi\u00f9 lunghi, ad esempio laddove siamo tenuti a farlo in conformit\u00e0 con i requisiti legali, fiscali e contabili. In circostanze specifiche, potremmo anche conservare i tuoi dati personali per periodi di tempo pi\u00f9 lunghi in modo da avere una registrazione accurata dei tuoi rapporti con noi in caso di reclami o contestazioni.<\/p>\n<h2>Link esterno<\/h2>\n<p>Questo sito Web pu\u00f2 contenere collegamenti a siti di terzi. Poich\u00e9 RMS non controlla n\u00e9 \u00e8 responsabile delle pratiche sulla privacy di tali siti Web, ti invitiamo a rivedere le politiche sulla privacy di questi siti di terze parti. Questa politica si applica esclusivamente ai dati personali raccolti dai nostri siti web.<\/p>\n<h2>I tuoi diritti<\/h2>\n<p>In base alla legge applicabile, potresti avere alcuni o tutti i seguenti diritti in relazione ai tuoi dati personali:<\/p>\n<ul>\n<li>ottenere una copia dei tuoi dati personali insieme alle informazioni su come e su quale base vengono elaborati i dati personali;<\/li>\n<li>rettificare dati personali inesatti (incluso il diritto di completare dati personali incompleti);<\/li>\n<li>cancellare i tuoi dati personali (in limitate circostanze, laddove non siano pi\u00f9 necessari rispetto alle finalit\u00e0 per le quali sono stati raccolti o trattati);<\/li>\n<li>limitare il trattamento dei dati personali qualora:\n<ul>\n<li><em>l&#8217;esattezza dei dati personali \u00e8 contestata;<\/em><\/li>\n<li><em>il trattamento \u00e8 illecito ma Lei si oppone alla cancellazione dei dati personali;<\/em><\/li>\n<li><em>non abbiamo pi\u00f9 bisogno dei dati personali ma sono ancora necessari per l&#8217;accertamento, l&#8217;esercizio o la difesa di un diritto in sede giudiziaria;<\/em><\/li>\n<\/ul>\n<\/li>\n<li>contestare il trattamento che abbiamo giustificato sulla base di un interesse legittimo (in contrasto con il tuo consenso, o per eseguire un contratto con te);<\/li>\n<li>per impedirci di inviarti marketing diretto;<\/li>\n<li>revocare il tuo consenso al nostro trattamento dei tuoi dati personali (laddove tale trattamento sia basato sul tuo consenso); e<\/li>\n<li>ottenere o vedere una copia delle garanzie appropriate in base alle quali i tuoi dati personali vengono trasferiti a un paese terzo.<\/li>\n<\/ul>\n<p>Oltre a quanto sopra, hai il diritto di presentare un reclamo alla tua autorit\u00e0 locale per la protezione dei dati.<\/p>\n<p>In relazione a tutti questi diritti, ti preghiamo di contattarci utilizzando i dettagli forniti di seguito. Tieni presente che potremmo richiedere una prova di identit\u00e0 e ci riserviamo il diritto di addebitare una commissione ove consentito dalla legge, ad esempio se la tua richiesta \u00e8 manifestamente infondata o eccessiva. Faremo il possibile per rispondere alle vostre richieste entro tutti i tempi applicabili.<\/p>\n<h2>Informazioni aggiuntive<\/h2>\n<p>.La tua fiducia \u00e8 molto importante per noi. Se hai domande sul nostro utilizzo dei tuoi dati personali, ti preghiamo di contattarci all&#8217;indirizzo<a href=\"mailto:dan.robinson@coxautoinc.com\" target=\"_blank\" rel=\"noopener\"> dan.robinson@coxautoinc.com<\/a><\/p>\n<\/div>\n<\/div>\n<\/section>\n\t\t\t\t\t\t\t\t<\/div>\n\t\t\t\t<\/div>\n\t\t\t\t\t<\/div>\n\t\t<\/div>\n\t\t\t\t\t<\/div>\n\t\t<\/section>\n\t\t\t\t<\/div>\n\t\t","protected":false},"excerpt":{"rendered":"<p>politica sulla riservatezza Noi, RMS Automotive, facciamo parte del gruppo di societ\u00e0 Cox Automotive la cui sede legale \u00e8 Central House, Leeds Road, Rothwell, Leeds, LS26 0JE, Regno Unito prendiamo sul serio la protezione dei tuoi dati personali, inclusa l&#8217;implementazione di tutte le misure ragionevoli per rispettare leggi applicabili sulla protezione dei dati. La seguente [&hellip;]<\/p>\n","protected":false},"author":1,"featured_media":0,"parent":0,"menu_order":0,"comment_status":"closed","ping_status":"closed","template":"elementor_header_footer","meta":{"footnotes":""},"class_list":["post-2141","page","type-page","status-publish","hentry"],"yoast_head":"<!-- This site is optimized with the Yoast SEO plugin v27.4 - https:\/\/yoast.com\/product\/yoast-seo-wordpress\/ -->\n<title>Used car remarketing and vehicle inventory management software | RMS Automotive RMS Privacy Policy - RMSAuto.eu<\/title>\n<meta name=\"robots\" content=\"index, follow, max-snippet:-1, max-image-preview:large, max-video-preview:-1\" \/>\n<link rel=\"canonical\" href=\"https:\/\/rmsautomotive.eu\/it\/politica-sulla-riservatezza\/\" \/>\n<meta property=\"og:locale\" content=\"it_IT\" \/>\n<meta property=\"og:type\" content=\"article\" \/>\n<meta property=\"og:title\" content=\"Used car remarketing and vehicle inventory management software | RMS Automotive RMS Privacy Policy - RMSAuto.eu\" \/>\n<meta property=\"og:description\" content=\"politica sulla riservatezza Noi, RMS Automotive, facciamo parte del gruppo di societ\u00e0 Cox Automotive la cui sede legale \u00e8 Central House, Leeds Road, Rothwell, Leeds, LS26 0JE, Regno Unito prendiamo sul serio la protezione dei tuoi dati personali, inclusa l&#8217;implementazione di tutte le misure ragionevoli per rispettare leggi applicabili sulla protezione dei dati. La seguente [&hellip;]\" \/>\n<meta property=\"og:url\" content=\"https:\/\/rmsautomotive.eu\/it\/politica-sulla-riservatezza\/\" \/>\n<meta property=\"og:site_name\" content=\"RMS Automotive\" \/>\n<meta property=\"article:modified_time\" content=\"2021-09-08T12:10:44+00:00\" \/>\n<meta name=\"twitter:card\" content=\"summary_large_image\" \/>\n<meta name=\"twitter:label1\" content=\"Tempo di lettura stimato\" \/>\n\t<meta name=\"twitter:data1\" content=\"8 minuti\" \/>\n<script type=\"application\/ld+json\" class=\"yoast-schema-graph\">{\"@context\":\"https:\\\/\\\/schema.org\",\"@graph\":[{\"@type\":\"WebPage\",\"@id\":\"https:\\\/\\\/rmsautomotive.eu\\\/it\\\/politica-sulla-riservatezza\\\/\",\"url\":\"https:\\\/\\\/rmsautomotive.eu\\\/it\\\/politica-sulla-riservatezza\\\/\",\"name\":\"Used car remarketing and vehicle inventory management software | RMS Automotive RMS Privacy Policy - RMSAuto.eu\",\"isPartOf\":{\"@id\":\"https:\\\/\\\/rmsautomotive.eu\\\/it\\\/#website\"},\"datePublished\":\"2021-07-29T13:45:01+00:00\",\"dateModified\":\"2021-09-08T12:10:44+00:00\",\"breadcrumb\":{\"@id\":\"https:\\\/\\\/rmsautomotive.eu\\\/it\\\/politica-sulla-riservatezza\\\/#breadcrumb\"},\"inLanguage\":\"it-IT\",\"potentialAction\":[{\"@type\":\"ReadAction\",\"target\":[\"https:\\\/\\\/rmsautomotive.eu\\\/it\\\/politica-sulla-riservatezza\\\/\"]}]},{\"@type\":\"BreadcrumbList\",\"@id\":\"https:\\\/\\\/rmsautomotive.eu\\\/it\\\/politica-sulla-riservatezza\\\/#breadcrumb\",\"itemListElement\":[{\"@type\":\"ListItem\",\"position\":1,\"name\":\"Home\",\"item\":\"https:\\\/\\\/rmsautomotive.eu\\\/it\\\/\"},{\"@type\":\"ListItem\",\"position\":2,\"name\":\"politica sulla riservatezza\"}]},{\"@type\":\"WebSite\",\"@id\":\"https:\\\/\\\/rmsautomotive.eu\\\/it\\\/#website\",\"url\":\"https:\\\/\\\/rmsautomotive.eu\\\/it\\\/\",\"name\":\"RMS Automotive\",\"description\":\"\",\"potentialAction\":[{\"@type\":\"SearchAction\",\"target\":{\"@type\":\"EntryPoint\",\"urlTemplate\":\"https:\\\/\\\/rmsautomotive.eu\\\/it\\\/?s={search_term_string}\"},\"query-input\":{\"@type\":\"PropertyValueSpecification\",\"valueRequired\":true,\"valueName\":\"search_term_string\"}}],\"inLanguage\":\"it-IT\"}]}<\/script>\n<!-- \/ Yoast SEO plugin. -->","yoast_head_json":{"title":"Used car remarketing and vehicle inventory management software | RMS Automotive RMS Privacy Policy - RMSAuto.eu","robots":{"index":"index","follow":"follow","max-snippet":"max-snippet:-1","max-image-preview":"max-image-preview:large","max-video-preview":"max-video-preview:-1"},"canonical":"https:\/\/rmsautomotive.eu\/it\/politica-sulla-riservatezza\/","og_locale":"it_IT","og_type":"article","og_title":"Used car remarketing and vehicle inventory management software | RMS Automotive RMS Privacy Policy - RMSAuto.eu","og_description":"politica sulla riservatezza Noi, RMS Automotive, facciamo parte del gruppo di societ\u00e0 Cox Automotive la cui sede legale \u00e8 Central House, Leeds Road, Rothwell, Leeds, LS26 0JE, Regno Unito prendiamo sul serio la protezione dei tuoi dati personali, inclusa l&#8217;implementazione di tutte le misure ragionevoli per rispettare leggi applicabili sulla protezione dei dati. La seguente [&hellip;]","og_url":"https:\/\/rmsautomotive.eu\/it\/politica-sulla-riservatezza\/","og_site_name":"RMS Automotive","article_modified_time":"2021-09-08T12:10:44+00:00","twitter_card":"summary_large_image","twitter_misc":{"Tempo di lettura stimato":"8 minuti"},"schema":{"@context":"https:\/\/schema.org","@graph":[{"@type":"WebPage","@id":"https:\/\/rmsautomotive.eu\/it\/politica-sulla-riservatezza\/","url":"https:\/\/rmsautomotive.eu\/it\/politica-sulla-riservatezza\/","name":"Used car remarketing and vehicle inventory management software | RMS Automotive RMS Privacy Policy - RMSAuto.eu","isPartOf":{"@id":"https:\/\/rmsautomotive.eu\/it\/#website"},"datePublished":"2021-07-29T13:45:01+00:00","dateModified":"2021-09-08T12:10:44+00:00","breadcrumb":{"@id":"https:\/\/rmsautomotive.eu\/it\/politica-sulla-riservatezza\/#breadcrumb"},"inLanguage":"it-IT","potentialAction":[{"@type":"ReadAction","target":["https:\/\/rmsautomotive.eu\/it\/politica-sulla-riservatezza\/"]}]},{"@type":"BreadcrumbList","@id":"https:\/\/rmsautomotive.eu\/it\/politica-sulla-riservatezza\/#breadcrumb","itemListElement":[{"@type":"ListItem","position":1,"name":"Home","item":"https:\/\/rmsautomotive.eu\/it\/"},{"@type":"ListItem","position":2,"name":"politica sulla riservatezza"}]},{"@type":"WebSite","@id":"https:\/\/rmsautomotive.eu\/it\/#website","url":"https:\/\/rmsautomotive.eu\/it\/","name":"RMS Automotive","description":"","potentialAction":[{"@type":"SearchAction","target":{"@type":"EntryPoint","urlTemplate":"https:\/\/rmsautomotive.eu\/it\/?s={search_term_string}"},"query-input":{"@type":"PropertyValueSpecification","valueRequired":true,"valueName":"search_term_string"}}],"inLanguage":"it-IT"}]}},"_links":{"self":[{"href":"https:\/\/rmsautomotive.eu\/it\/wp-json\/wp\/v2\/pages\/2141","targetHints":{"allow":["GET"]}}],"collection":[{"href":"https:\/\/rmsautomotive.eu\/it\/wp-json\/wp\/v2\/pages"}],"about":[{"href":"https:\/\/rmsautomotive.eu\/it\/wp-json\/wp\/v2\/types\/page"}],"author":[{"embeddable":true,"href":"https:\/\/rmsautomotive.eu\/it\/wp-json\/wp\/v2\/users\/1"}],"replies":[{"embeddable":true,"href":"https:\/\/rmsautomotive.eu\/it\/wp-json\/wp\/v2\/comments?post=2141"}],"version-history":[{"count":1,"href":"https:\/\/rmsautomotive.eu\/it\/wp-json\/wp\/v2\/pages\/2141\/revisions"}],"predecessor-version":[{"id":2142,"href":"https:\/\/rmsautomotive.eu\/it\/wp-json\/wp\/v2\/pages\/2141\/revisions\/2142"}],"wp:attachment":[{"href":"https:\/\/rmsautomotive.eu\/it\/wp-json\/wp\/v2\/media?parent=2141"}],"curies":[{"name":"wp","href":"https:\/\/api.w.org\/{rel}","templated":true}]}}